{"id":8725,"date":"2025-11-10T20:54:43","date_gmt":"2025-11-10T20:54:43","guid":{"rendered":"https:\/\/ciribiribajka.com\/?post_type=product&#038;p=8725"},"modified":"2025-11-10T22:01:00","modified_gmt":"2025-11-10T22:01:00","slug":"ciri-biri-bajka-bojanka-potraga-za-carolijom","status":"publish","type":"product","link":"https:\/\/ciribiribajka.com\/en\/product\/ciri-biri-bajka-bojanka-potraga-za-carolijom\/","title":{"rendered":"\u010ciri-biri bajka &#8211; Bojanka &#8211; Potraga za \u010darolijom"},"content":{"rendered":"<p>Slikovnica koja postaje velika bojanka! \u010citaj. Rasklopi. Oboji. Kroz toplo ispri\u010dane stihove pri\u010da poti\u010de djecu na promi\u0161ljanje o dobroti, znati\u017eelji i unutarnjoj ljepoti.<\/p>","protected":false},"excerpt":{"rendered":"<p>Slikovnica koja postaje velika bojanka! \u010citaj. Rasklopi. Oboji. Kroz toplo ispri\u010dane stihove pri\u010da poti\u010de djecu na promi\u0161ljanje o dobroti, znati\u017eelji i unutarnjoj ljepoti.<\/p>","protected":false},"featured_media":8726,"template":"","meta":[],"product_cat":[23],"product_tag":[125],"_links":{"self":[{"href":"https:\/\/ciribiribajka.com\/en\/wp-json\/wp\/v2\/product\/8725"}],"collection":[{"href":"https:\/\/ciribiribajka.com\/en\/wp-json\/wp\/v2\/product"}],"about":[{"href":"https:\/\/ciribiribajka.com\/en\/wp-json\/wp\/v2\/types\/product"}],"wp:featuredmedia":[{"embeddable":true,"href":"https:\/\/ciribiribajka.com\/en\/wp-json\/wp\/v2\/media\/8726"}],"wp:attachment":[{"href":"https:\/\/ciribiribajka.com\/en\/wp-json\/wp\/v2\/media?parent=8725"}],"wp:term":[{"taxonomy":"product_cat","embeddable":true,"href":"https:\/\/ciribiribajka.com\/en\/wp-json\/wp\/v2\/product_cat?post=8725"},{"taxonomy":"product_tag","embeddable":true,"href":"https:\/\/ciribiribajka.com\/en\/wp-json\/wp\/v2\/product_tag?post=8725"}],"curies":[{"name":"wp","href":"https:\/\/api.w.org\/{rel}","templated":true}]}}