{"id":8670,"date":"2025-11-10T19:12:49","date_gmt":"2025-11-10T19:12:49","guid":{"rendered":"https:\/\/ciribiribajka.com\/?post_type=product&#038;p=8670"},"modified":"2026-01-06T20:46:54","modified_gmt":"2026-01-06T20:46:54","slug":"ciri-biri-bajka-price-iz-davnine","status":"publish","type":"product","link":"https:\/\/ciribiribajka.com\/en\/product\/ciri-biri-bajka-price-iz-davnine\/","title":{"rendered":"\u010ciri-biri bajka Pri\u010de iz davnine"},"content":{"rendered":"<p>\u010ciri-biri bajka &#8211; Pri\u010de iz davnine je dodatak ali i samostalna igra osnovnoj igri \u010ciri-biri bajka. U igri nema eliminacije igra\u010da, a cilj je timskim radom rije\u0161iti neo\u010dekivane doga\u0111aje koji vode do usvajanja pouke i sve to u svijetu na\u0161e poznate autorice Ivane Brli\u0107 Ma\u017eurani\u0107.<\/p>","protected":false},"excerpt":{"rendered":"<p>\u010ciri-biri bajka &#8211; Pri\u010de iz davnine je dodatak ali i samostalna igra osnovnoj igri \u010ciri-biri bajka. U igri nema eliminacije igra\u010da, a cilj je timskim radom rije\u0161iti neo\u010dekivane doga\u0111aje koji vode do usvajanja pouke i sve to u svijetu na\u0161e poznate autorice Ivane Brli\u0107 Ma\u017eurani\u0107.<\/p>","protected":false},"featured_media":8919,"template":"","meta":[],"product_cat":[23],"product_tag":[],"_links":{"self":[{"href":"https:\/\/ciribiribajka.com\/en\/wp-json\/wp\/v2\/product\/8670"}],"collection":[{"href":"https:\/\/ciribiribajka.com\/en\/wp-json\/wp\/v2\/product"}],"about":[{"href":"https:\/\/ciribiribajka.com\/en\/wp-json\/wp\/v2\/types\/product"}],"wp:featuredmedia":[{"embeddable":true,"href":"https:\/\/ciribiribajka.com\/en\/wp-json\/wp\/v2\/media\/8919"}],"wp:attachment":[{"href":"https:\/\/ciribiribajka.com\/en\/wp-json\/wp\/v2\/media?parent=8670"}],"wp:term":[{"taxonomy":"product_cat","embeddable":true,"href":"https:\/\/ciribiribajka.com\/en\/wp-json\/wp\/v2\/product_cat?post=8670"},{"taxonomy":"product_tag","embeddable":true,"href":"https:\/\/ciribiribajka.com\/en\/wp-json\/wp\/v2\/product_tag?post=8670"}],"curies":[{"name":"wp","href":"https:\/\/api.w.org\/{rel}","templated":true}]}}