{"id":8243,"date":"2024-11-10T10:56:08","date_gmt":"2024-11-10T10:56:08","guid":{"rendered":"https:\/\/ciribiribajka.com\/?post_type=product&#038;p=8243"},"modified":"2026-01-06T20:47:36","modified_gmt":"2026-01-06T20:47:36","slug":"rasti-rasti","status":"publish","type":"product","link":"https:\/\/ciribiribajka.com\/en\/product\/rasti-rasti\/","title":{"rendered":"Rasti, rasti!"},"content":{"rendered":"<p>Nau\u010dite i prona\u0111ite pravi redoslijed razvoja leptira i suncokreta. Na putu vam stoje \u017eaba i ptica koje \u017eele popuniti svoja mjesta na plo\u010di prije vas!<\/p>","protected":false},"excerpt":{"rendered":"<p>Nau\u010dite i prona\u0111ite pravi redoslijed razvoja leptira i suncokreta. Na putu vam stoje \u017eaba i ptica koje \u017eele popuniti svoja mjesta na plo\u010di prije vas!<\/p>","protected":false},"featured_media":8244,"template":"","meta":[],"product_cat":[23],"product_tag":[],"_links":{"self":[{"href":"https:\/\/ciribiribajka.com\/en\/wp-json\/wp\/v2\/product\/8243"}],"collection":[{"href":"https:\/\/ciribiribajka.com\/en\/wp-json\/wp\/v2\/product"}],"about":[{"href":"https:\/\/ciribiribajka.com\/en\/wp-json\/wp\/v2\/types\/product"}],"wp:featuredmedia":[{"embeddable":true,"href":"https:\/\/ciribiribajka.com\/en\/wp-json\/wp\/v2\/media\/8244"}],"wp:attachment":[{"href":"https:\/\/ciribiribajka.com\/en\/wp-json\/wp\/v2\/media?parent=8243"}],"wp:term":[{"taxonomy":"product_cat","embeddable":true,"href":"https:\/\/ciribiribajka.com\/en\/wp-json\/wp\/v2\/product_cat?post=8243"},{"taxonomy":"product_tag","embeddable":true,"href":"https:\/\/ciribiribajka.com\/en\/wp-json\/wp\/v2\/product_tag?post=8243"}],"curies":[{"name":"wp","href":"https:\/\/api.w.org\/{rel}","templated":true}]}}