{"id":8229,"date":"2024-11-10T10:21:07","date_gmt":"2024-11-10T10:21:07","guid":{"rendered":"https:\/\/ciribiribajka.com\/?post_type=product&#038;p=8229"},"modified":"2026-01-06T20:47:29","modified_gmt":"2026-01-06T20:47:29","slug":"gladne-zivotinjice","status":"publish","type":"product","link":"https:\/\/ciribiribajka.com\/en\/product\/gladne-zivotinjice\/","title":{"rendered":"Gladne \u017eivotinjice"},"content":{"rendered":"<p>Pu\u017ei\u0107, zec, mi\u0161 i vjeverica su gladni. Pomozite im da svoja spremi\u0161ta napune hranom prije nego padne no\u0107. No, pazite na grabe\u017eljivce koji ih vrebaju i love!<\/p>","protected":false},"excerpt":{"rendered":"<p>Pu\u017ei\u0107, zec, mi\u0161 i vjeverica su gladni. Pomozite im da svoja spremi\u0161ta napune hranom prije nego padne no\u0107. No, pazite na grabe\u017eljivce koji ih vrebaju i love!<\/p>","protected":false},"featured_media":8246,"template":"","meta":[],"product_cat":[23],"product_tag":[],"_links":{"self":[{"href":"https:\/\/ciribiribajka.com\/en\/wp-json\/wp\/v2\/product\/8229"}],"collection":[{"href":"https:\/\/ciribiribajka.com\/en\/wp-json\/wp\/v2\/product"}],"about":[{"href":"https:\/\/ciribiribajka.com\/en\/wp-json\/wp\/v2\/types\/product"}],"wp:featuredmedia":[{"embeddable":true,"href":"https:\/\/ciribiribajka.com\/en\/wp-json\/wp\/v2\/media\/8246"}],"wp:attachment":[{"href":"https:\/\/ciribiribajka.com\/en\/wp-json\/wp\/v2\/media?parent=8229"}],"wp:term":[{"taxonomy":"product_cat","embeddable":true,"href":"https:\/\/ciribiribajka.com\/en\/wp-json\/wp\/v2\/product_cat?post=8229"},{"taxonomy":"product_tag","embeddable":true,"href":"https:\/\/ciribiribajka.com\/en\/wp-json\/wp\/v2\/product_tag?post=8229"}],"curies":[{"name":"wp","href":"https:\/\/api.w.org\/{rel}","templated":true}]}}