{"id":6910,"date":"2022-12-21T20:55:24","date_gmt":"2022-12-21T20:55:24","guid":{"rendered":"https:\/\/ciribiribajka.com\/?post_type=product&#038;p=6910"},"modified":"2026-01-06T20:47:19","modified_gmt":"2026-01-06T20:47:19","slug":"ciri-biri-bajka-snjezno-kraljevstvo","status":"publish","type":"product","link":"https:\/\/ciribiribajka.com\/en\/product\/ciri-biri-bajka-snjezno-kraljevstvo\/","title":{"rendered":"\u010ciri-biri bajka Snje\u017eno kraljevstvo"},"content":{"rendered":"","protected":false},"excerpt":{"rendered":"<p>Ekspanzija kojom mo\u017eete nadograditi \u010ciri-biri bajkukoju ve\u0107 imate ili koristiti kao igru za 2 igra\u010da. Otkrijte novi svijet Snje\u017enog kraljevstva!<\/p>","protected":false},"featured_media":8918,"template":"","meta":[],"product_cat":[23],"product_tag":[],"_links":{"self":[{"href":"https:\/\/ciribiribajka.com\/en\/wp-json\/wp\/v2\/product\/6910"}],"collection":[{"href":"https:\/\/ciribiribajka.com\/en\/wp-json\/wp\/v2\/product"}],"about":[{"href":"https:\/\/ciribiribajka.com\/en\/wp-json\/wp\/v2\/types\/product"}],"wp:featuredmedia":[{"embeddable":true,"href":"https:\/\/ciribiribajka.com\/en\/wp-json\/wp\/v2\/media\/8918"}],"wp:attachment":[{"href":"https:\/\/ciribiribajka.com\/en\/wp-json\/wp\/v2\/media?parent=6910"}],"wp:term":[{"taxonomy":"product_cat","embeddable":true,"href":"https:\/\/ciribiribajka.com\/en\/wp-json\/wp\/v2\/product_cat?post=6910"},{"taxonomy":"product_tag","embeddable":true,"href":"https:\/\/ciribiribajka.com\/en\/wp-json\/wp\/v2\/product_tag?post=6910"}],"curies":[{"name":"wp","href":"https:\/\/api.w.org\/{rel}","templated":true}]}}