{"id":3813,"date":"2020-11-27T15:00:43","date_gmt":"2020-11-27T15:00:43","guid":{"rendered":"https:\/\/ciribiribajka.com\/?post_type=product&#038;p=3813"},"modified":"2026-01-06T20:47:11","modified_gmt":"2026-01-06T20:47:11","slug":"ciri-biri-bajka","status":"publish","type":"product","link":"https:\/\/ciribiribajka.com\/en\/product\/ciri-biri-bajka\/","title":{"rendered":"\u010ciri-biri bajka Osnovna"},"content":{"rendered":"<p>\u010ciri-biri bajka je dru\u0161tvena igra pripovijedanja u kojoj igra\u010di sura\u0111uju\u0107i pri\u010daju vlastitu bajku. U igri nema eliminacije igra\u010da, a cilj je timskim radom rije\u0161iti neo\u010dekivane doga\u0111aje koji vode do usvajanja pouke.<\/p>","protected":false},"excerpt":{"rendered":"<p>\u010ciri-biri bajka je dru\u0161tvena igra pripovijedanja u kojoj igra\u010di sura\u0111uju\u0107i pri\u010daju vlastitu bajku. U igri nema eliminacije igra\u010da, a cilj je timskim radom rije\u0161iti neo\u010dekivane doga\u0111aje koji vode do usvajanja pouke.<\/p>","protected":false},"featured_media":8910,"template":"","meta":[],"product_cat":[23],"product_tag":[125],"_links":{"self":[{"href":"https:\/\/ciribiribajka.com\/en\/wp-json\/wp\/v2\/product\/3813"}],"collection":[{"href":"https:\/\/ciribiribajka.com\/en\/wp-json\/wp\/v2\/product"}],"about":[{"href":"https:\/\/ciribiribajka.com\/en\/wp-json\/wp\/v2\/types\/product"}],"wp:featuredmedia":[{"embeddable":true,"href":"https:\/\/ciribiribajka.com\/en\/wp-json\/wp\/v2\/media\/8910"}],"wp:attachment":[{"href":"https:\/\/ciribiribajka.com\/en\/wp-json\/wp\/v2\/media?parent=3813"}],"wp:term":[{"taxonomy":"product_cat","embeddable":true,"href":"https:\/\/ciribiribajka.com\/en\/wp-json\/wp\/v2\/product_cat?post=3813"},{"taxonomy":"product_tag","embeddable":true,"href":"https:\/\/ciribiribajka.com\/en\/wp-json\/wp\/v2\/product_tag?post=3813"}],"curies":[{"name":"wp","href":"https:\/\/api.w.org\/{rel}","templated":true}]}}