{"id":7639,"date":"2024-01-16T16:17:43","date_gmt":"2024-01-16T16:17:43","guid":{"rendered":"https:\/\/ciribiribajka.com\/?page_id=7639"},"modified":"2025-10-21T06:34:45","modified_gmt":"2025-10-21T06:34:45","slug":"eu-projekti","status":"publish","type":"page","link":"https:\/\/ciribiribajka.com\/en\/eu-projekti\/","title":{"rendered":"EU Projects"},"content":{"rendered":"<div data-elementor-type=\"wp-page\" data-elementor-id=\"7639\" data-post-id=\"7639\" data-obj-id=\"7639\" class=\"elementor elementor-7639 dce-elementor-post-7639\" data-elementor-settings=\"[]\">\n\t\t\t\t\t\t<div class=\"elementor-inner\">\n\t\t\t\t\t\t\t<div class=\"elementor-section-wrap\">\n\t\t\t\t\t\t\t<section class=\"has_ae_slider elementor-section elementor-top-section elementor-element elementor-element-77e3fd5 elementor-section-boxed elementor-section-height-default elementor-section-height-default ae-bg-gallery-type-default\" data-dce-background-color=\"#dbf1f9\" data-id=\"77e3fd5\" data-element_type=\"section\" data-settings=\"{&quot;background_background&quot;:&quot;gradient&quot;,&quot;shape_divider_bottom&quot;:&quot;mountains&quot;}\">\n\t\t\t\t\t<div class=\"elementor-shape elementor-shape-bottom\" data-negative=\"false\">\n\t\t\t<svg xmlns=\"http:\/\/www.w3.org\/2000\/svg\" viewbox=\"0 0 1000 100\" preserveaspectratio=\"none\">\n\t<path class=\"elementor-shape-fill\" opacity=\"0.33\" d=\"M473,67.3c-203.9,88.3-263.1-34-320.3,0C66,119.1,0,59.7,0,59.7V0h1000v59.7 c0,0-62.1,26.1-94.9,29.3c-32.8,3.3-62.8-12.3-75.8-22.1C806,49.6,745.3,8.7,694.9,4.7S492.4,59,473,67.3z\"\/>\n\t<path class=\"elementor-shape-fill\" opacity=\"0.66\" d=\"M734,67.3c-45.5,0-77.2-23.2-129.1-39.1c-28.6-8.7-150.3-10.1-254,39.1 s-91.7-34.4-149.2,0C115.7,118.3,0,39.8,0,39.8V0h1000v36.5c0,0-28.2-18.5-92.1-18.5C810.2,18.1,775.7,67.3,734,67.3z\"\/>\n\t<path class=\"elementor-shape-fill\" d=\"M766.1,28.9c-200-57.5-266,65.5-395.1,19.5C242,1.8,242,5.4,184.8,20.6C128,35.8,132.3,44.9,89.9,52.5C28.6,63.7,0,0,0,0 h1000c0,0-9.9,40.9-83.6,48.1S829.6,47,766.1,28.9z\"\/>\n<\/svg>\t\t<\/div>\n\t\t\t\t\t<div class=\"elementor-container elementor-column-gap-default\">\n\t\t\t\t\t\t\t<div class=\"elementor-row\">\n\t\t\t\t\t<div class=\"has_ae_slider elementor-column elementor-col-100 elementor-top-column elementor-element elementor-element-b379b0d ae-bg-gallery-type-default\" data-id=\"b379b0d\" data-element_type=\"column\">\n\t\t\t<div class=\"elementor-column-wrap elementor-element-populated\">\n\t\t\t\t\t\t\t<div class=\"elementor-widget-wrap\">\n\t\t\t\t\t\t<div class=\"elementor-element elementor-element-83c6708 elementor-widget elementor-widget-menu-anchor\" data-id=\"83c6708\" data-element_type=\"widget\" data-widget_type=\"menu-anchor.default\">\n\t\t\t\t<div class=\"elementor-widget-container\">\n\t\t\t\t\t<div id=\"back-to-top\" class=\"elementor-menu-anchor\"><\/div>\n\t\t\t\t<\/div>\n\t\t\t\t<\/div>\n\t\t\t\t<div class=\"elementor-element elementor-element-5fc85ad elementor-widget elementor-widget-spacer\" data-id=\"5fc85ad\" data-element_type=\"widget\" data-widget_type=\"spacer.default\">\n\t\t\t\t<div class=\"elementor-widget-container\">\n\t\t\t\t\t<div class=\"elementor-spacer\">\n\t\t\t<div class=\"elementor-spacer-inner\"><\/div>\n\t\t<\/div>\n\t\t\t\t<\/div>\n\t\t\t\t<\/div>\n\t\t\t\t<div class=\"elementor-element elementor-element-8b08c2a elementor-widget elementor-widget-heading\" data-id=\"8b08c2a\" data-element_type=\"widget\" data-widget_type=\"heading.default\">\n\t\t\t\t<div class=\"elementor-widget-container\">\n\t\t\t<h1 class=\"elementor-heading-title elementor-size-default\">EU Projects<\/h1>\t\t<\/div>\n\t\t\t\t<\/div>\n\t\t\t\t<div class=\"elementor-element elementor-element-a063e2e elementor-widget elementor-widget-spacer\" data-id=\"a063e2e\" data-element_type=\"widget\" data-widget_type=\"spacer.default\">\n\t\t\t\t<div class=\"elementor-widget-container\">\n\t\t\t\t\t<div class=\"elementor-spacer\">\n\t\t\t<div class=\"elementor-spacer-inner\"><\/div>\n\t\t<\/div>\n\t\t\t\t<\/div>\n\t\t\t\t<\/div>\n\t\t\t\t\t\t<\/div>\n\t\t\t\t\t<\/div>\n\t\t<\/div>\n\t\t\t\t\t\t\t\t<\/div>\n\t\t\t\t\t<\/div>\n\t\t<\/section>\n\t\t\t\t<section class=\"has_ae_slider elementor-section elementor-top-section elementor-element elementor-element-3435958 elementor-section-boxed elementor-section-height-default elementor-section-height-default ae-bg-gallery-type-default\" data-id=\"3435958\" data-element_type=\"section\">\n\t\t\t\t\t\t<div class=\"elementor-container elementor-column-gap-default\">\n\t\t\t\t\t\t\t<div class=\"elementor-row\">\n\t\t\t\t\t<div class=\"has_ae_slider elementor-column elementor-col-100 elementor-top-column elementor-element elementor-element-2f0fd57 ae-bg-gallery-type-default\" data-id=\"2f0fd57\" data-element_type=\"column\">\n\t\t\t<div class=\"elementor-column-wrap elementor-element-populated\">\n\t\t\t\t\t\t\t<div class=\"elementor-widget-wrap\">\n\t\t\t\t\t\t<div class=\"elementor-element elementor-element-bb262d8 dce_masking-none elementor-widget elementor-widget-image\" data-id=\"bb262d8\" data-element_type=\"widget\" data-widget_type=\"image.default\">\n\t\t\t\t<div class=\"elementor-widget-container\">\n\t\t\t\t\t\t\t\t<div class=\"elementor-image\">\n\t\t\t\t\t\t\t\t\t\t\t\t<img decoding=\"async\" width=\"1024\" height=\"270\" src=\"https:\/\/ciribiribajka.com\/wp-content\/uploads\/2024\/01\/eu-projekti-1024x270.png\" class=\"attachment-large size-large\" alt=\"\" \/>\t\t\t\t\t\t\t\t\t\t\t\t\t\t<\/div>\n\t\t\t\t\t\t<\/div>\n\t\t\t\t<\/div>\n\t\t\t\t<div class=\"elementor-element elementor-element-ab76290 elementor-widget elementor-widget-text-editor\" data-id=\"ab76290\" data-element_type=\"widget\" data-widget_type=\"text-editor.default\">\n\t\t\t\t<div class=\"elementor-widget-container\">\n\t\t\t\t\t\t\t\t<div class=\"elementor-text-editor elementor-clearfix\">\n\t\t\t\t<h2>\u010ciri-biri bajka \u2013 Pri\u010de iz davnina<\/h2><p>NPOO.C1.1.2.R2-I3.02.0571<\/p>\t\t\t\t\t<\/div>\n\t\t\t\t\t\t<\/div>\n\t\t\t\t<\/div>\n\t\t\t\t<div class=\"elementor-element elementor-element-a5d111b elementor-widget elementor-widget-text-editor\" data-id=\"a5d111b\" data-element_type=\"widget\" data-widget_type=\"text-editor.default\">\n\t\t\t\t<div class=\"elementor-widget-container\">\n\t\t\t\t\t\t\t\t<div class=\"elementor-text-editor elementor-clearfix\">\n\t\t\t\t<p><strong>Nositelj projekta<\/strong>:\u00a0 PIXING, obrt za dizajn i ostale usluge, vl. Slavica Farka\u0161 \u0160imeg<\/p><p><strong>Ukupna vrijednost projekta<\/strong>: 159.131,66 \u20ac<\/p><p><strong>Ukupni prihvatljivi tro\u0161kovi<\/strong>:\u00a0 139.023,03 \u20ac<\/p><p><strong>EU udio u financiranju projekta<\/strong>:\u00a0 118.247,57 \u20ac<\/p><p><strong>Razdoblje provedbe projekta<\/strong>:\u00a0 01. rujna 2023. \u2013 01. rujna 2025.<\/p>\t\t\t\t\t<\/div>\n\t\t\t\t\t\t<\/div>\n\t\t\t\t<\/div>\n\t\t\t\t<div class=\"elementor-element elementor-element-00707df elementor-widget elementor-widget-text-editor\" data-id=\"00707df\" data-element_type=\"widget\" data-widget_type=\"text-editor.default\">\n\t\t\t\t<div class=\"elementor-widget-container\">\n\t\t\t\t\t\t\t\t<div class=\"elementor-text-editor elementor-clearfix\">\n\t\t\t\t<p>PIXING, obrt za dizajn i ostale usluge, vl. Slavica Farka\u0161 \u0160imeg je po\u010detkom rujna 2023. godine, zapo\u010deo s provedbom projekta \u201c\u010ciri-biri bajka \u2013 Pri\u010de iz davnina\u201c, sukladno Ugovoru o dodjeli bespovratnih sredstava potpisanim s Ministarstvom gospodarstva i odr\u017eivog razvoja i Hrvatskom agencijom za malo gospodarstvo, inovacije i investicije. <strong>Projekt financira Europska unija \u2013 Next Generation EU u okviru Nacionalnog plana oporavka i otpornosti (NPOO)<\/strong>.<\/p><p>Cilj provedbe projekta je poku\u0161ati rije\u0161iti jedan od vode\u0107ih problema u osnovnim i srednjim \u0161kolama. U \u0161kolama veliki broj djece imaju govorno-jezi\u010dne pote\u0161ko\u0107e, problem s \u010ditanjem, pisanjem sastavaka te nezainteresirano\u0161\u0107u za lektiru. Rje\u0161enje za navedene probleme, Obrt Pixing u 2020. god nalazi u stvaranju nove dru\u0161tveno- edukativne igre &#8211; \u010ciri- biri bajka (koja je podr\u017eana od MZO), a koja doprinosi realizaciji odgojno-obrazovnih ishoda za u\u010denike ali i roditeljima daje jasnu strukturu igranja i mogu\u0107nost da saslu\u0161aju svoju djecu. Kreativnim pristupom lektiri, obrt \u017eeli razviti inovativne na\u010dine u\u010denja, komunikacijske vje\u0161tine i svijest o sebi te jezi\u010dne, strategijske i dru\u0161tveno &#8211; jezi\u010dne kompetencije kroz razvoj inovativne digitalno-didakti\u010dke dru\u0161tvene igre \u010ciri-biri bajka &#8211; Pri\u010de iz davnina.<\/p><p>Projekt \u010dine sljede\u0107e aktivnosti:<\/p><ol><li>Razvoj fizi\u010dke igre \u010ciri biri bajka-Pri\u010de iz davnina i razvoj mobilne aplikacije<\/li><li>Testiranje proizvoda u operativnom okru\u017eenju<\/li><li>Edukacija zaposlenika za specifi\u010dne vje\u0161tine<\/li><li>Za\u0161tita intelektualnog vlasni\u0161tva<\/li><li>Upravljanje projektom<\/li><\/ol><div style=\"font-size: 12px; line-height: 1.5; font-style: italic;\">Sadr\u017eaj internetske stranice isklju\u010diva je odgovornost PIXING, obrt za dizajn i ostale usluge, vl. Slavica Farka\u0161 \u0160imeg. Izneseni stavovi i mi\u0161ljenja samo su autorova i ne odra\u017eavaju nu\u017eno slu\u017ebena stajali\u0161ta Europske unije ili Europske komisije. Ni Europska unija ni Europska komisija ne mogu se smatrati odgovornima za njih.<\/div>\t\t\t\t\t<\/div>\n\t\t\t\t\t\t<\/div>\n\t\t\t\t<\/div>\n\t\t\t\t<div class=\"elementor-element elementor-element-ce29c0d elementor-widget elementor-widget-text-editor\" data-id=\"ce29c0d\" data-element_type=\"widget\" data-widget_type=\"text-editor.default\">\n\t\t\t\t<div class=\"elementor-widget-container\">\n\t\t\t\t\t\t\t\t<div class=\"elementor-text-editor elementor-clearfix\">\n\t\t\t\t<p>PIXING, obrt za dizajn i ostale usluge, vl. Slavica Farka\u0161 \u0160imeg je po\u010detkom rujna 2025. godine, uspje\u0161no zavr\u0161io provedbu projekta \u201c\u010ciri-biri bajka \u2013 Pri\u010de iz davnina\u201d, sukladno Ugovoru o dodjeli bespovratnih sredstava potpisanim s Ministarstvom gospodarstva i odr\u017eivog razvoja i Hrvatskom agencijom za malo gospodarstvo, inovacije i investicije. <b>Projekt financira Europska unija \u2013 Next Generation EU u okviru Nacionalnog plana oporavka i otpornosti (NPOO).<\/b><\/p>\n<p>Cilj provedbe projekta bio je poku\u0161ati rije\u0161iti jedan od vode\u0107ih problema u osnovnim i srednjim \u0161kolama. U \u0161kolama veliki broj djece ima govorno-jezi\u010dne pote\u0161ko\u0107e, problem s \u010ditanjem, pisanjem sastavaka te nezainteresiranost za lektiru. Rje\u0161enje za navedene probleme, Obrt Pixing u 2020. godini nalazi u stvaranju nove dru\u0161tveno-edukativne igre \u2013 \u010ciri-biri bajka (koja je podr\u017eana od MZO), a koja doprinosi realizaciji odgojno-obrazovnih ishoda za u\u010denike ali i roditeljima daje jasnu strukturu igranja i mogu\u0107nost da slu\u0161aju svoju djecu. Kreativnim pristupom lektiri, obrt \u017eeli razviti inovativne na\u010dine u\u010denja, komunikacijske vje\u0161tine i svijest o sebi te jezi\u010dne, strate\u0161ke i dru\u0161tveno \u2013 jezi\u010dne kompetencije kroz razvoj inovativne digitalno-didakti\u010dke dru\u0161tvene igre \u010ciri-biri bajka \u2013 Pri\u010de iz davnina.<\/p>\n<p>Projekt su \u010dinile sljede\u0107e aktivnosti:<\/p>\n<ol>\n<li>Razvoj fizi\u010dke igre \u010ciri biri bajka-Pri\u010de iz davnina i razvoj mobilne aplikacije<\/li>\n<li>Testiranje proizvoda u operativnom okru\u017eenju<\/li>\n<li>Edukacija zaposlenika za specifi\u010dne vje\u0161tine<\/li>\n<li>Za\u0161tita intelektualnog vlasni\u0161tva<\/li>\n<li>Upravljanje projektom<\/li>\n<\/ol>\n<div style=\"font-size: 12px; line-height: 1.5; font-style: italic;\">Sadr\u017eaj internetske stranice isklju\u010diva je odgovornost PIXING, obrt za dizajn i ostale usluge, vl. Slavica Farka\u0161 \u0160imeg. Izneseni stavovi i mi\u0161ljenja samo su autorova i ne odra\u017eavaju nu\u017eno slu\u017ebena stajali\u0161ta Europske unije ili Europske komisije. Ni Europska unija ni Europska komisija ne mogu se smatrati odgovornima za njih.<\/div>\t\t\t\t\t<\/div>\n\t\t\t\t\t\t<\/div>\n\t\t\t\t<\/div>\n\t\t\t\t\t\t<\/div>\n\t\t\t\t\t<\/div>\n\t\t<\/div>\n\t\t\t\t\t\t\t\t<\/div>\n\t\t\t\t\t<\/div>\n\t\t<\/section>\n\t\t\t\t\t\t<\/div>\n\t\t\t\t\t\t<\/div>\n\t\t\t\t\t<\/div>","protected":false},"excerpt":{"rendered":"<p>EU projekti \u010ciri-biri bajka \u2013 Pri\u010de iz davnina NPOO.C1.1.2.R2-I3.02.0571 Nositelj projekta:\u00a0 PIXING, obrt za dizajn i ostale usluge, vl. Slavica Farka\u0161 \u0160imeg Ukupna vrijednost projekta: 159.131,66 \u20ac Ukupni prihvatljivi tro\u0161kovi:\u00a0 139.023,03 \u20ac EU udio u financiranju projekta:\u00a0 118.247,57 \u20ac Razdoblje provedbe projekta:\u00a0 01. rujna 2023. \u2013 01. rujna 2025. PIXING, obrt za dizajn i ostale &hellip;<\/p>\n<p class=\"read-more\"> <a class=\"\" href=\"https:\/\/ciribiribajka.com\/en\/eu-projekti\/\"> <span class=\"screen-reader-text\">EU Projects<\/span> Read More &raquo;<\/a><\/p>","protected":false},"author":1,"featured_media":0,"parent":0,"menu_order":0,"comment_status":"closed","ping_status":"closed","template":"","meta":[],"_links":{"self":[{"href":"https:\/\/ciribiribajka.com\/en\/wp-json\/wp\/v2\/pages\/7639"}],"collection":[{"href":"https:\/\/ciribiribajka.com\/en\/wp-json\/wp\/v2\/pages"}],"about":[{"href":"https:\/\/ciribiribajka.com\/en\/wp-json\/wp\/v2\/types\/page"}],"author":[{"embeddable":true,"href":"https:\/\/ciribiribajka.com\/en\/wp-json\/wp\/v2\/users\/1"}],"replies":[{"embeddable":true,"href":"https:\/\/ciribiribajka.com\/en\/wp-json\/wp\/v2\/comments?post=7639"}],"version-history":[{"count":16,"href":"https:\/\/ciribiribajka.com\/en\/wp-json\/wp\/v2\/pages\/7639\/revisions"}],"predecessor-version":[{"id":8648,"href":"https:\/\/ciribiribajka.com\/en\/wp-json\/wp\/v2\/pages\/7639\/revisions\/8648"}],"wp:attachment":[{"href":"https:\/\/ciribiribajka.com\/en\/wp-json\/wp\/v2\/media?parent=7639"}],"curies":[{"name":"wp","href":"https:\/\/api.w.org\/{rel}","templated":true}]}}