{"id":3480,"date":"2020-11-26T13:20:50","date_gmt":"2020-11-26T13:20:50","guid":{"rendered":"https:\/\/ciribiribajka.com\/?page_id=3480"},"modified":"2025-12-08T21:50:30","modified_gmt":"2025-12-08T21:50:30","slug":"ciri-biri-kosarica","status":"publish","type":"page","link":"https:\/\/ciribiribajka.com\/en\/ciri-biri-kosarica\/","title":{"rendered":"\u010ciri-biri ko\u0161arica"},"content":{"rendered":"<div data-elementor-type=\"wp-page\" data-elementor-id=\"3480\" data-post-id=\"3480\" data-obj-id=\"3480\" class=\"elementor elementor-3480 dce-elementor-post-3480\" data-elementor-settings=\"[]\">\n\t\t\t\t\t\t<div class=\"elementor-inner\">\n\t\t\t\t\t\t\t<div class=\"elementor-section-wrap\">\n\t\t\t\t\t\t\t<section class=\"has_ae_slider elementor-section elementor-top-section elementor-element elementor-element-ae29dbe elementor-section-boxed elementor-section-height-default elementor-section-height-default ae-bg-gallery-type-default\" data-dce-background-color=\"#8dd2e8\" data-id=\"ae29dbe\" data-element_type=\"section\" data-settings=\"{&quot;background_background&quot;:&quot;classic&quot;,&quot;shape_divider_bottom&quot;:&quot;mountains&quot;}\">\n\t\t\t\t\t<div class=\"elementor-shape elementor-shape-bottom\" data-negative=\"false\">\n\t\t\t<svg xmlns=\"http:\/\/www.w3.org\/2000\/svg\" viewbox=\"0 0 1000 100\" preserveaspectratio=\"none\">\n\t<path class=\"elementor-shape-fill\" opacity=\"0.33\" d=\"M473,67.3c-203.9,88.3-263.1-34-320.3,0C66,119.1,0,59.7,0,59.7V0h1000v59.7 c0,0-62.1,26.1-94.9,29.3c-32.8,3.3-62.8-12.3-75.8-22.1C806,49.6,745.3,8.7,694.9,4.7S492.4,59,473,67.3z\"\/>\n\t<path class=\"elementor-shape-fill\" opacity=\"0.66\" d=\"M734,67.3c-45.5,0-77.2-23.2-129.1-39.1c-28.6-8.7-150.3-10.1-254,39.1 s-91.7-34.4-149.2,0C115.7,118.3,0,39.8,0,39.8V0h1000v36.5c0,0-28.2-18.5-92.1-18.5C810.2,18.1,775.7,67.3,734,67.3z\"\/>\n\t<path class=\"elementor-shape-fill\" d=\"M766.1,28.9c-200-57.5-266,65.5-395.1,19.5C242,1.8,242,5.4,184.8,20.6C128,35.8,132.3,44.9,89.9,52.5C28.6,63.7,0,0,0,0 h1000c0,0-9.9,40.9-83.6,48.1S829.6,47,766.1,28.9z\"\/>\n<\/svg>\t\t<\/div>\n\t\t\t\t\t<div class=\"elementor-container elementor-column-gap-default\">\n\t\t\t\t\t\t\t<div class=\"elementor-row\">\n\t\t\t\t\t<div class=\"has_ae_slider elementor-column elementor-col-100 elementor-top-column elementor-element elementor-element-776e359 ae-bg-gallery-type-default\" data-id=\"776e359\" data-element_type=\"column\">\n\t\t\t<div class=\"elementor-column-wrap elementor-element-populated\">\n\t\t\t\t\t\t\t<div class=\"elementor-widget-wrap\">\n\t\t\t\t\t\t<div class=\"elementor-element elementor-element-8f8a37d elementor-widget elementor-widget-heading\" data-id=\"8f8a37d\" data-element_type=\"widget\" data-widget_type=\"heading.default\">\n\t\t\t\t<div class=\"elementor-widget-container\">\n\t\t\t<h1 class=\"elementor-heading-title elementor-size-default\">\u010ciri-biri ko\u0161arica<\/h1>\t\t<\/div>\n\t\t\t\t<\/div>\n\t\t\t\t\t\t<\/div>\n\t\t\t\t\t<\/div>\n\t\t<\/div>\n\t\t\t\t\t\t\t\t<\/div>\n\t\t\t\t\t<\/div>\n\t\t<\/section>\n\t\t\t\t<section class=\"has_ae_slider elementor-section elementor-top-section elementor-element elementor-element-b1201a4 elementor-section-boxed elementor-section-height-default elementor-section-height-default ae-bg-gallery-type-default\" data-id=\"b1201a4\" data-element_type=\"section\">\n\t\t\t\t\t\t<div class=\"elementor-container elementor-column-gap-default\">\n\t\t\t\t\t\t\t<div class=\"elementor-row\">\n\t\t\t\t\t<div class=\"has_ae_slider elementor-column elementor-col-100 elementor-top-column elementor-element elementor-element-4c661c6 ae-bg-gallery-type-default\" data-id=\"4c661c6\" data-element_type=\"column\">\n\t\t\t<div class=\"elementor-column-wrap elementor-element-populated\">\n\t\t\t\t\t\t\t<div class=\"elementor-widget-wrap\">\n\t\t\t\t\t\t<div class=\"elementor-element elementor-element-ce06c75 elementor-widget elementor-widget-heading\" data-id=\"ce06c75\" data-element_type=\"widget\" data-widget_type=\"heading.default\">\n\t\t\t\t<div class=\"elementor-widget-container\">\n\t\t\t<h3 class=\"elementor-heading-title elementor-size-default\">Pregled ko\u0161arice<\/h3>\t\t<\/div>\n\t\t\t\t<\/div>\n\t\t\t\t<div class=\"elementor-element elementor-element-18ab0dd elementor-widget-divider--view-line elementor-widget elementor-widget-divider\" data-id=\"18ab0dd\" data-element_type=\"widget\" data-widget_type=\"divider.default\">\n\t\t\t\t<div class=\"elementor-widget-container\">\n\t\t\t\t\t<div class=\"elementor-divider\">\n\t\t\t<span class=\"elementor-divider-separator\">\n\t\t\t\t\t\t<\/span>\n\t\t<\/div>\n\t\t\t\t<\/div>\n\t\t\t\t<\/div>\n\t\t\t\t<div class=\"elementor-element elementor-element-096bc9e wl-product-image-show-yes wl-product-image-show-tablet-yes wl-product-name-show-yes wl-product-name-show-tablet-yes wl-product-category-show-tablet-yes wl-product-price-show-yes wl-product-price-show-tablet-yes wl-product-price-show-mobile-yes wl-product-quantity-show-yes wl-product-quantity-show-tablet-yes wl-product-quantity-show-mobile-yes wl-product-subtotal-show-yes wl-product-subtotal-show-tablet-yes wl-product-remove-show-yes wl-product-remove-show-tablet-yes wl-product-remove-show-mobile-yes elementor-widget elementor-widget-cart-items\" data-id=\"096bc9e\" data-element_type=\"widget\" data-widget_type=\"cart-items.default\">\n\t\t\t\t<div class=\"elementor-widget-container\">\n\t\t\t\n\t\t<div class=\"wl-ci\">\n\t\t\t<div class=\"wl-ci-product-style\">\n\t\t\t\t<div class=\"cx-container\">\n\t\t\t\t\t<div class=\"cx-row\">\n\t\t\t\t\t\t<div class=\"cx-col-md-12 cx-col-sm-12\">\n\t\t\t\t\t\t\t<div class=\"woocommerce\">\n\t\t\t\t\t\t\t\t<form class=\"woocommerce-cart-form wl-ci-cart-form\" action=\"https:\/\/ciribiribajka.com\/en\/ciri-biri-kosarica\/\" method=\"post\" data-trp-original-action=\"https:\/\/ciribiribajka.com\/en\/ciri-biri-kosarica\/\">\n\t\t\t\t\t\t\t\t\t\t\t\t\t\t\t\t\t<input type=\"hidden\" name=\"trp-form-language\" value=\"en\"\/><\/form>\n\t\t\t\t\t\t\t<\/div>\n\t\t\t\t\t\t<\/div>\n\n\t\t\t\t\t\t\t\t\t\t\t\n\n\t\t\t\t\t<\/div>\n\t\t\t\t<\/div>\n\t\t\t<\/div>\n\t\t<\/div>\n\n\t\t\t\t<\/div>\n\t\t\t\t<\/div>\n\t\t\t\t<div class=\"elementor-element elementor-element-ae089be elementor-widget-divider--view-line elementor-widget elementor-widget-divider\" data-id=\"ae089be\" data-element_type=\"widget\" data-widget_type=\"divider.default\">\n\t\t\t\t<div class=\"elementor-widget-container\">\n\t\t\t\t\t<div class=\"elementor-divider\">\n\t\t\t<span class=\"elementor-divider-separator\">\n\t\t\t\t\t\t<\/span>\n\t\t<\/div>\n\t\t\t\t<\/div>\n\t\t\t\t<\/div>\n\t\t\t\t<div class=\"elementor-element elementor-element-f1078c5 elementor-widget elementor-widget-text-editor\" data-id=\"f1078c5\" data-element_type=\"widget\" data-widget_type=\"text-editor.default\">\n\t\t\t\t<div class=\"elementor-widget-container\">\n\t\t\t\t\t\t\t\t<div class=\"elementor-text-editor elementor-clearfix\">\n\t\t\t\t<p>Kupon &#8211; upi\u0161i promo kod:<\/p>\t\t\t\t\t<\/div>\n\t\t\t\t\t\t<\/div>\n\t\t\t\t<\/div>\n\t\t\t\t<div class=\"elementor-element elementor-element-67c7e64 elementor-widget elementor-widget-coupon-form\" data-id=\"67c7e64\" data-element_type=\"widget\" data-widget_type=\"coupon-form.default\">\n\t\t\t\t<div class=\"elementor-widget-container\">\n\t\t\t\n\t\t<div class=\"cx-row\">\n\t\t\t<div class=\"cx-col-md-12 cx-col-sm-12\">\n\t\t\t\t<form class=\"checkout_coupon woocommerce-form-coupon\" method=\"post\" style=\"\" action=\"\">\n\t\t\t\t\t<div class=\"wl-cf-apply-coupon\">\n\t\t\t\t\t\t<div class=\"wl-cf-apply-coupon-fields\">\n\t\t\t\t\t\t\t<input type=\"text\" name=\"coupon_code\" class=\"wl-cf-apply-coupon-input input-text\" placeholder=\"Upi\u0161i kod\" id=\"coupon_code\" value=\"\">\n\n\t\t\t\t\t\t\t<button class=\"wl-cf-apply-coupon-button button\" type=\"submit\" name=\"apply_coupon\" value=\"Primjeni kod\">Primjeni kod<\/button>\t\t\t\t\t\t\t\n\t\t\t\t\t\t<\/div>\n\t\t\t\t\t<\/div>\n\t\t\t\t\t<div class=\"clear\"><\/div>\n\t\t\t\t<input type=\"hidden\" name=\"trp-form-language\" value=\"en\"\/><\/form>\n\t\t\t<\/div>\n\t\t<\/div>\n\n\t\t\t\t<\/div>\n\t\t\t\t<\/div>\n\t\t\t\t<div class=\"elementor-element elementor-element-b86fc98 elementor-widget-divider--view-line elementor-widget elementor-widget-divider\" data-id=\"b86fc98\" data-element_type=\"widget\" data-widget_type=\"divider.default\">\n\t\t\t\t<div class=\"elementor-widget-container\">\n\t\t\t\t\t<div class=\"elementor-divider\">\n\t\t\t<span class=\"elementor-divider-separator\">\n\t\t\t\t\t\t<\/span>\n\t\t<\/div>\n\t\t\t\t<\/div>\n\t\t\t\t<\/div>\n\t\t\t\t\t\t<\/div>\n\t\t\t\t\t<\/div>\n\t\t<\/div>\n\t\t\t\t\t\t\t\t<\/div>\n\t\t\t\t\t<\/div>\n\t\t<\/section>\n\t\t\t\t<section class=\"has_ae_slider elementor-section elementor-top-section elementor-element elementor-element-0046693 elementor-section-boxed elementor-section-height-default elementor-section-height-default ae-bg-gallery-type-default\" data-id=\"0046693\" data-element_type=\"section\">\n\t\t\t\t\t\t<div class=\"elementor-container elementor-column-gap-default\">\n\t\t\t\t\t\t\t<div class=\"elementor-row\">\n\t\t\t\t\t<div class=\"has_ae_slider elementor-column elementor-col-100 elementor-top-column elementor-element elementor-element-504ca5a ae-bg-gallery-type-default\" data-id=\"504ca5a\" data-element_type=\"column\">\n\t\t\t<div class=\"elementor-column-wrap elementor-element-populated\">\n\t\t\t\t\t\t\t<div class=\"elementor-widget-wrap\">\n\t\t\t\t\t\t<div class=\"elementor-element elementor-element-ee0eee2 elementor-widget elementor-widget-text-editor\" data-id=\"ee0eee2\" data-element_type=\"widget\" data-widget_type=\"text-editor.default\">\n\t\t\t\t<div class=\"elementor-widget-container\">\n\t\t\t\t\t\t\t\t<div class=\"elementor-text-editor elementor-clearfix\">\n\t\t\t\t<p>Dostava u roku 1-2 radna dana<\/p>\t\t\t\t\t<\/div>\n\t\t\t\t\t\t<\/div>\n\t\t\t\t<\/div>\n\t\t\t\t<div class=\"elementor-element elementor-element-d54fcac elementor-widget elementor-widget-html\" data-id=\"d54fcac\" data-element_type=\"widget\" data-widget_type=\"html.default\">\n\t\t\t\t<div class=\"elementor-widget-container\">\n\t\t\t<style>\n    .wl table tbody tr td {\n    border: 0;\n    padding: 2px 2px!important;\n}\n<\/style>\t\t<\/div>\n\t\t\t\t<\/div>\n\t\t\t\t<div class=\"elementor-element elementor-element-b4aa7d9 elementor-widget elementor-widget-html\" data-id=\"b4aa7d9\" data-element_type=\"widget\" data-widget_type=\"html.default\">\n\t\t\t\t<div class=\"elementor-widget-container\">\n\t\t\t<script>\n\tjQuery(function($){\n\n    \/\/ Na\u0111i skriveni div koji si ispisao iz PHP-a na stranici ko\u0161arice\n    var $holder = $('#popup-8725-data');\n    if (!$holder.length) {\n        return; \/\/ nije ko\u0161arica ili nema proizvoda\n    }\n\n    var raw = $holder.data('cart-ids'); \/\/ npr. \"123,8725,456\"\n    if (!raw) {\n        return;\n    }\n\n    var ids = String(raw).split(',').map(function(id){\n        return String(id).trim();\n    });\n\n    \/\/ \u2757 Novi glavni uvjet:\n    \/\/ Ako ko\u0161arica SADR\u017dI ID 8725 \u2192 NE otvaramo popup\n    if (ids.includes('8725')) {\n        return;\n    }\n\n    \/\/ \u2714 Ako 8725 NIJE u ko\u0161arici \u2192 otvoriti popup\n    setTimeout(function(){\n        var $trigger = $('#pop-up-bojanka'); \/\/ CSS ID koji si stavio u Open by selector\n        if ($trigger.length) {\n            $trigger.trigger('click');\n        }\n    }, 500);\n});\n\n\n\n<\/script>\t\t<\/div>\n\t\t\t\t<\/div>\n\t\t\t\t<div class=\"elementor-element elementor-element-7fac60d elementor-widget elementor-widget-button\" data-id=\"7fac60d\" data-element_type=\"widget\" data-widget_type=\"button.default\">\n\t\t\t\t<div class=\"elementor-widget-container\">\n\t\t\t\t\t<div class=\"elementor-button-wrapper\">\n\t\t\t<a class=\"elementor-button elementor-size-sm\" role=\"button\" id=\"pop-up-bojanka\">\n\t\t\t\t\t\t<span class=\"elementor-button-content-wrapper\">\n\t\t\t\t\t\t<span class=\"elementor-button-text\">Kliknite ovdje<\/span>\n\t\t<\/span>\n\t\t\t\t\t<\/a>\n\t\t<\/div>\n\t\t\t\t<\/div>\n\t\t\t\t<\/div>\n\t\t\t\t\t\t<\/div>\n\t\t\t\t\t<\/div>\n\t\t<\/div>\n\t\t\t\t\t\t\t\t<\/div>\n\t\t\t\t\t<\/div>\n\t\t<\/section>\n\t\t\t\t\t\t<\/div>\n\t\t\t\t\t\t<\/div>\n\t\t\t\t\t<\/div>","protected":false},"excerpt":{"rendered":"<p>Pregled ko\u0161arice Dru\u0161tvena igra Cijena Koli\u010dina Ukupno \u010ciri-biri bajka Pri\u010de iz davnine Uncategorized 29,99&nbsp;&euro; \u010ciri-biri bajka Pri\u010de iz davnine koli\u010dina 29,99&nbsp;&euro; \u010ciri-biri bajka &#8211; Bojanka &#8211; Potraga za \u010darolijom Uncategorized 9,90&nbsp;&euro; \u010ciri-biri bajka &#8211; Bojanka &#8211; Potraga za \u010darolijom koli\u010dina 9,90&nbsp;&euro; A\u017euriraj ko\u0161aricu Kupon &#8211; upi\u0161i promo kod: Primjeni kod Ukupno 37,98&nbsp;&euro; Popust na punu &hellip;<\/p>\n<p class=\"read-more\"> <a class=\"\" href=\"https:\/\/ciribiribajka.com\/en\/ciri-biri-kosarica\/\"> <span class=\"screen-reader-text\">\u010ciri-biri ko\u0161arica<\/span> Read More &raquo;<\/a><\/p>","protected":false},"author":1,"featured_media":0,"parent":0,"menu_order":0,"comment_status":"closed","ping_status":"closed","template":"elementor_header_footer","meta":[],"_links":{"self":[{"href":"https:\/\/ciribiribajka.com\/en\/wp-json\/wp\/v2\/pages\/3480"}],"collection":[{"href":"https:\/\/ciribiribajka.com\/en\/wp-json\/wp\/v2\/pages"}],"about":[{"href":"https:\/\/ciribiribajka.com\/en\/wp-json\/wp\/v2\/types\/page"}],"author":[{"embeddable":true,"href":"https:\/\/ciribiribajka.com\/en\/wp-json\/wp\/v2\/users\/1"}],"replies":[{"embeddable":true,"href":"https:\/\/ciribiribajka.com\/en\/wp-json\/wp\/v2\/comments?post=3480"}],"version-history":[{"count":36,"href":"https:\/\/ciribiribajka.com\/en\/wp-json\/wp\/v2\/pages\/3480\/revisions"}],"predecessor-version":[{"id":8875,"href":"https:\/\/ciribiribajka.com\/en\/wp-json\/wp\/v2\/pages\/3480\/revisions\/8875"}],"wp:attachment":[{"href":"https:\/\/ciribiribajka.com\/en\/wp-json\/wp\/v2\/media?parent=3480"}],"curies":[{"name":"wp","href":"https:\/\/api.w.org\/{rel}","templated":true}]}}