{"id":1880,"date":"2019-11-28T15:41:30","date_gmt":"2019-11-28T15:41:30","guid":{"rendered":"https:\/\/ciribiribajka.com\/?page_id=1880"},"modified":"2024-04-19T07:04:47","modified_gmt":"2024-04-19T07:04:47","slug":"dostava","status":"publish","type":"page","link":"https:\/\/ciribiribajka.com\/en\/dostava\/","title":{"rendered":"Delivery"},"content":{"rendered":"<div data-elementor-type=\"wp-page\" data-elementor-id=\"1880\" data-post-id=\"1880\" data-obj-id=\"1880\" class=\"elementor elementor-1880 dce-elementor-post-1880\" data-elementor-settings=\"[]\">\n\t\t\t\t\t\t<div class=\"elementor-inner\">\n\t\t\t\t\t\t\t<div class=\"elementor-section-wrap\">\n\t\t\t\t\t\t\t<section class=\"has_ae_slider elementor-section elementor-top-section elementor-element elementor-element-fcb3324 elementor-section-boxed elementor-section-height-default elementor-section-height-default ae-bg-gallery-type-default\" data-id=\"fcb3324\" data-element_type=\"section\">\n\t\t\t\t\t\t<div class=\"elementor-container elementor-column-gap-default\">\n\t\t\t\t\t\t\t<div class=\"elementor-row\">\n\t\t\t\t\t<div class=\"has_ae_slider elementor-column elementor-col-100 elementor-top-column elementor-element elementor-element-94d03bb ae-bg-gallery-type-default\" data-id=\"94d03bb\" data-element_type=\"column\">\n\t\t\t<div class=\"elementor-column-wrap elementor-element-populated\">\n\t\t\t\t\t\t\t<div class=\"elementor-widget-wrap\">\n\t\t\t\t\t\t<div class=\"elementor-element elementor-element-55dac67 elementor-widget elementor-widget-spacer\" data-id=\"55dac67\" data-element_type=\"widget\" data-widget_type=\"spacer.default\">\n\t\t\t\t<div class=\"elementor-widget-container\">\n\t\t\t\t\t<div class=\"elementor-spacer\">\n\t\t\t<div class=\"elementor-spacer-inner\"><\/div>\n\t\t<\/div>\n\t\t\t\t<\/div>\n\t\t\t\t<\/div>\n\t\t\t\t<div class=\"elementor-element elementor-element-f6b1406 elementor-widget elementor-widget-text-editor\" data-id=\"f6b1406\" data-element_type=\"widget\" data-widget_type=\"text-editor.default\">\n\t\t\t\t<div class=\"elementor-widget-container\">\n\t\t\t\t\t\t\t\t<div class=\"elementor-text-editor elementor-clearfix\">\n\t\t\t\t<h4 class=\"p1\">Po\u0161tarina<\/h4><p class=\"p1\">\u2022 Usluga dostave napla\u0107uje se 4 \u20ac.<\/p><h4 class=\"p1\">Rok isporuke<\/h4><p class=\"p1\">\u2022 1-2 radna dana<\/p><p class=\"p1\">\u2022 Kod pla\u0107anja pouze\u0107em Overseas Express primatelju napla\u0107uje dodatan tro\u0161ak u iznosu od 1 \u20ac za povrat novaca po\u0161iljatelju.\u00a0<\/p><p class=\"p1\">\u2022 Sve po\u0161iljke zaprimljene do 11 sati \u0161aljemo isti dan. Ukoliko smo narud\u017ebu zaprimili nakon 11 h, po\u0161iljka \u0107e bit poslana sljede\u0107eg radnog dana. Svaka po\u0161iljka ima svoj broj za pra\u0107enje i ukoliko \u017eelite saznati broj Va\u0161e po\u0161iljke po\u0161aljite nam upit na e-mail adresu: hello@pixing.hr (Naslov teksta: Kod za pra\u0107enje po\u0161iljke, u sadr\u017eaj maila po\u0161aljite nam broj narud\u017ebe).<\/p><p class=\"p1\">\u2022 Radni dani su od ponedjeljka do petka, isklju\u010duju\u0107i vikende i praznike.<\/p><p>\u2022 Svoju narud\u017ebu mo\u017eete besplatno preuzeti na adresi I. Tre\u0161njeva\u010dki odvojak 6A, 10 431 Brezje, Sveta Nedelja radnim danom od 08 do 16h ili prema dogovoru<\/p>\t\t\t\t\t<\/div>\n\t\t\t\t\t\t<\/div>\n\t\t\t\t<\/div>\n\t\t\t\t<div class=\"elementor-element elementor-element-b71abe2 elementor-widget elementor-widget-spacer\" data-id=\"b71abe2\" data-element_type=\"widget\" data-widget_type=\"spacer.default\">\n\t\t\t\t<div class=\"elementor-widget-container\">\n\t\t\t\t\t<div class=\"elementor-spacer\">\n\t\t\t<div class=\"elementor-spacer-inner\"><\/div>\n\t\t<\/div>\n\t\t\t\t<\/div>\n\t\t\t\t<\/div>\n\t\t\t\t\t\t<\/div>\n\t\t\t\t\t<\/div>\n\t\t<\/div>\n\t\t\t\t\t\t\t\t<\/div>\n\t\t\t\t\t<\/div>\n\t\t<\/section>\n\t\t\t\t\t\t<\/div>\n\t\t\t\t\t\t<\/div>\n\t\t\t\t\t<\/div>","protected":false},"excerpt":{"rendered":"<p>Po\u0161tarina \u2022 Usluga dostave napla\u0107uje se 4 \u20ac. Rok isporuke \u2022 1-2 radna dana \u2022 Kod pla\u0107anja pouze\u0107em Overseas Express primatelju napla\u0107uje dodatan tro\u0161ak u iznosu od 1 \u20ac za povrat novaca po\u0161iljatelju.\u00a0 \u2022 Sve po\u0161iljke zaprimljene do 11 sati \u0161aljemo isti dan. Ukoliko smo narud\u017ebu zaprimili nakon 11 h, po\u0161iljka \u0107e bit poslana sljede\u0107eg &hellip;<\/p>\n<p class=\"read-more\"> <a class=\"\" href=\"https:\/\/ciribiribajka.com\/en\/dostava\/\"> <span class=\"screen-reader-text\">Delivery<\/span> Read More &raquo;<\/a><\/p>","protected":false},"author":1,"featured_media":0,"parent":0,"menu_order":0,"comment_status":"closed","ping_status":"closed","template":"elementor_header_footer","meta":[],"_links":{"self":[{"href":"https:\/\/ciribiribajka.com\/en\/wp-json\/wp\/v2\/pages\/1880"}],"collection":[{"href":"https:\/\/ciribiribajka.com\/en\/wp-json\/wp\/v2\/pages"}],"about":[{"href":"https:\/\/ciribiribajka.com\/en\/wp-json\/wp\/v2\/types\/page"}],"author":[{"embeddable":true,"href":"https:\/\/ciribiribajka.com\/en\/wp-json\/wp\/v2\/users\/1"}],"replies":[{"embeddable":true,"href":"https:\/\/ciribiribajka.com\/en\/wp-json\/wp\/v2\/comments?post=1880"}],"version-history":[{"count":12,"href":"https:\/\/ciribiribajka.com\/en\/wp-json\/wp\/v2\/pages\/1880\/revisions"}],"predecessor-version":[{"id":7888,"href":"https:\/\/ciribiribajka.com\/en\/wp-json\/wp\/v2\/pages\/1880\/revisions\/7888"}],"wp:attachment":[{"href":"https:\/\/ciribiribajka.com\/en\/wp-json\/wp\/v2\/media?parent=1880"}],"curies":[{"name":"wp","href":"https:\/\/api.w.org\/{rel}","templated":true}]}}