{"id":1869,"date":"2019-11-28T15:30:49","date_gmt":"2019-11-28T15:30:49","guid":{"rendered":"https:\/\/ciribiribajka.com\/?page_id=1869"},"modified":"2019-12-06T21:08:18","modified_gmt":"2019-12-06T21:08:18","slug":"kolacici","status":"publish","type":"page","link":"https:\/\/ciribiribajka.com\/en\/kolacici\/","title":{"rendered":"Cookies"},"content":{"rendered":"<div data-elementor-type=\"wp-page\" data-elementor-id=\"1869\" data-post-id=\"1869\" data-obj-id=\"1869\" class=\"elementor elementor-1869 dce-elementor-post-1869\" data-elementor-settings=\"[]\">\n\t\t\t\t\t\t<div class=\"elementor-inner\">\n\t\t\t\t\t\t\t<div class=\"elementor-section-wrap\">\n\t\t\t\t\t\t\t<section class=\"has_ae_slider elementor-section elementor-top-section elementor-element elementor-element-4e6a1576 elementor-section-boxed elementor-section-height-default elementor-section-height-default ae-bg-gallery-type-default\" data-id=\"4e6a1576\" data-element_type=\"section\">\n\t\t\t\t\t\t<div class=\"elementor-container elementor-column-gap-default\">\n\t\t\t\t\t\t\t<div class=\"elementor-row\">\n\t\t\t\t\t<div class=\"has_ae_slider elementor-column elementor-col-100 elementor-top-column elementor-element elementor-element-6ecb236e ae-bg-gallery-type-default\" data-id=\"6ecb236e\" data-element_type=\"column\">\n\t\t\t<div class=\"elementor-column-wrap elementor-element-populated\">\n\t\t\t\t\t\t\t<div class=\"elementor-widget-wrap\">\n\t\t\t\t\t\t<div class=\"elementor-element elementor-element-3c001c0 elementor-widget elementor-widget-spacer\" data-id=\"3c001c0\" data-element_type=\"widget\" data-widget_type=\"spacer.default\">\n\t\t\t\t<div class=\"elementor-widget-container\">\n\t\t\t\t\t<div class=\"elementor-spacer\">\n\t\t\t<div class=\"elementor-spacer-inner\"><\/div>\n\t\t<\/div>\n\t\t\t\t<\/div>\n\t\t\t\t<\/div>\n\t\t\t\t<div class=\"elementor-element elementor-element-3c636c9 elementor-widget elementor-widget-text-editor\" data-id=\"3c636c9\" data-element_type=\"widget\" data-widget_type=\"text-editor.default\">\n\t\t\t\t<div class=\"elementor-widget-container\">\n\t\t\t\t\t\t\t\t<div class=\"elementor-text-editor elementor-clearfix\">\n\t\t\t\t<!-- wp:heading {\"level\":4} -->\n<h4>O politici kola\u010di\u0107a<\/h4>\n<!-- \/wp:heading --><!-- wp:paragraph -->\n<p>Kako bi posjet na\u0161im internet stranicama bio funkcionalniji i prakti\u010dniji, na\u0161e internet stranice spremaju na Va\u0161e ra\u010dunalo odre\u0111enu koli\u010dinu informacija tzv. kola\u010di\u0107e, eng. cookies. Oni slu\u017ee da internet stranice rade optimalno i da se pobolj\u0161a Va\u0161e iskustvo pregledavanja i kori\u0161tenja stranica. Kola\u010di\u0107e, izme\u0111u ostaloga, koristimo za identificiranje posjetitelja i utvr\u0111ivanja na\u010dina kori\u0161tenja stranica. Kola\u010di\u0107i sadr\u017ee podatke o Va\u0161im postavkama, pona\u0161anjima i odabirima tijekom kori\u0161tenja na\u0161ih stranica. Posjetom i kori\u0161tenjem ove internet stranice pristajete na upotrebu kola\u010di\u0107a. Kola\u010di\u0107e je mogu\u0107e blokirati. Nakon blokiranja kola\u010di\u0107a mo\u0107i \u0107ete i dalje pregledavati stranice, ali Vam neke mogu\u0107nosti ne\u0107e biti dostupne ili ne\u0107e ispuniti svoju punu funkcionalnost.<\/p>\n<p>\u00a0<\/p>\n<!-- \/wp:paragraph --><!-- wp:heading {\"level\":4} -->\n<h4>\u0160to su to kola\u010di\u0107i?<\/h4>\n<!-- \/wp:heading --><!-- wp:paragraph -->\n<p>Kola\u010di\u0107 je datoteka sa podacima koje internet stranice spremaju na Va\u0161e ra\u010dunalo, mobitel ili tablet, koje mogu biti spremljene od strane internet stranice koju posje\u0107ujete (kola\u010di\u0107i prve strane) ili u suradnji i za potrebe internet stranica tre\u0107ih strana (kola\u010di\u0107i tre\u0107e strane). Kola\u010di\u0107i u pravilu spremaju Va\u0161e postavke, postavke za internet stranicu i time Vam olak\u0161avaju kori\u0161tenje stranice i prikazuju relevantan sadr\u017eaj. Nakon \u0161to ponovo otvorite internet stranicu, Va\u0161 internetski preglednik \u0161alje natrag kola\u010di\u0107e koji pripadaju ovoj stranici. To omogu\u0107uje stranici da prika\u017ee informacije prilago\u0111ene Va\u0161im potrebama. Kola\u010di\u0107i mogu imati \u0161irok raspon informacija, uklju\u010duju\u0107i i dio osobnih informacija. Takve informacije mogu biti spremljene jedino ako Vi to omogu\u0107ite. Sama stranica ne mo\u017ee dobiti pristup informacijama koje im niste dali i kola\u010di\u0107i ne mogu pristupiti niti jednoj drugoj datoteci na Va\u0161em ra\u010dunalu.<\/p>\n<p>\u00a0<\/p>\n<!-- \/wp:paragraph --><!-- wp:heading {\"level\":4} -->\n<h4>Kako blokirati kola\u010di\u0107e?<\/h4>\n<!-- \/wp:heading --><!-- wp:paragraph -->\n<p>U svojem Internet pregledniku mo\u017eete blokirati spremanje kola\u010di\u0107a. Blokiranje kola\u010di\u0107a mo\u017ee imati negativan u\u010dinak na kori\u0161tenje internet stranice. Za blokiranje kola\u010di\u0107a potrebno je u Va\u0161em internet pregledniku namjestiti odgovaraju\u0107e postavke. U izborniku preglednika odaberite pomo\u0107 i potra\u017eite informacije o na\u010dinu blokiranja kola\u010di\u0107e te slijedite njihove upute.<\/p>\n<p>\u00a0<\/p>\n<!-- \/wp:paragraph --><!-- wp:paragraph -->\n<p><strong>Nu\u017eni<\/strong> <strong>kola\u010di\u0107i<\/strong><\/p>\n<!-- \/wp:paragraph --><!-- wp:paragraph -->\n<p>Nu\u017eni kola\u010di\u0107i \u010dine stranicu upotrebljivom omogu\u0107avaju\u0107i osnovne funkcije kao \u0161to su navigacija stranicom i pristup za\u0161ti\u0107enim podru\u010djima. Internet stranica ne mo\u017ee ispravno funkcionirati bez ovih kola\u010di\u0107a te nastavkom kori\u0161tenja stranice odnosno aplikacije pristajete na njihovo u\u010ditavanje na Va\u0161 ure\u0111aj.<\/p>\n<p>\u00a0<\/p>\n<!-- \/wp:paragraph --><!-- wp:paragraph -->\n<p><strong>Privremeni kola\u010di\u0107i<\/strong><\/p>\n<!-- \/wp:paragraph --><!-- wp:paragraph -->\n<p>Privremeni kola\u010di\u0107i ili kola\u010di\u0107i sesije uklanjaju se s ra\u010dunala po zatvaranju internet preglednika. U privremene kola\u010di\u0107e pohranjuju se privremeni podaci koji nisu nu\u017eni za kori\u0161tenje stranice pri ponovnom dolasku.<\/p>\n<p>\u00a0<\/p>\n<!-- \/wp:paragraph --><!-- wp:paragraph -->\n<p><strong>Stalni kola\u010di\u0107i<\/strong><\/p>\n<!-- \/wp:paragraph --><!-- wp:paragraph -->\n<p>Stalni ili spremljeni kola\u010di\u0107i ostaju na ra\u010dunalu i nakon zatvaranja programa internet preglednika. Stalni kola\u010di\u0107i osiguravaju pravilan i optimalan rad stranica, pra\u0107enje informacija o va\u0161im prijava, spremanje postavki za prijavu, optimalan prikaz stranica i optimizaciju u stvarnom vremenu.<\/p>\n<p>\u00a0<\/p>\n<!-- \/wp:paragraph --><!-- wp:paragraph -->\n<p><strong>Kola\u010di\u0107i tre\u0107ih strana<\/strong><\/p>\n<!-- \/wp:paragraph --><!-- wp:paragraph -->\n<p>Kola\u010di\u0107e tre\u0107ih strana postavljaju ostale internet stranice \u010dije usluge koristimo. Ti kola\u010di\u0107i postavljeni su za normalno funkcioniranje odre\u0111enih mogu\u0107nosti koje korisnicima olak\u0161avaju pristup sadr\u017eaju.<\/p>\n<!-- \/wp:paragraph --><!-- wp:paragraph -->\n<p>Trenutno omogu\u0107ujemo kola\u010di\u0107e servisa za mjerenje posje\u0107enosti Google Analytics.<\/p>\n<p>\u00a0<\/p>\n<!-- \/wp:paragraph --><!-- wp:paragraph -->\n<p><strong>Vi\u0161e o kola\u010di\u0107ima mo\u017eete pro\u010ditati ovdje:<\/strong><br \/><a href=\"https:\/\/allaboutcookies.org\/\">allaboutcookies.org<\/a><br \/><a href=\"http:\/\/youronlinechoices.com\/hr\/\">youronlinechoices.com\/hr\/<\/a><br \/><a href=\"http:\/\/aboutads.info\/choices\/\">aboutads.info\/choices\/<\/a><\/p>\n<!-- \/wp:paragraph -->\t\t\t\t\t<\/div>\n\t\t\t\t\t\t<\/div>\n\t\t\t\t<\/div>\n\t\t\t\t<div class=\"elementor-element elementor-element-eac338a elementor-widget elementor-widget-spacer\" data-id=\"eac338a\" data-element_type=\"widget\" data-widget_type=\"spacer.default\">\n\t\t\t\t<div class=\"elementor-widget-container\">\n\t\t\t\t\t<div class=\"elementor-spacer\">\n\t\t\t<div class=\"elementor-spacer-inner\"><\/div>\n\t\t<\/div>\n\t\t\t\t<\/div>\n\t\t\t\t<\/div>\n\t\t\t\t\t\t<\/div>\n\t\t\t\t\t<\/div>\n\t\t<\/div>\n\t\t\t\t\t\t\t\t<\/div>\n\t\t\t\t\t<\/div>\n\t\t<\/section>\n\t\t\t\t\t\t<\/div>\n\t\t\t\t\t\t<\/div>\n\t\t\t\t\t<\/div>","protected":false},"excerpt":{"rendered":"<p>O politici kola\u010di\u0107a Kako bi posjet na\u0161im internet stranicama bio funkcionalniji i prakti\u010dniji, na\u0161e internet stranice spremaju na Va\u0161e ra\u010dunalo odre\u0111enu koli\u010dinu informacija tzv. kola\u010di\u0107e, eng. cookies. Oni slu\u017ee da internet stranice rade optimalno i da se pobolj\u0161a Va\u0161e iskustvo pregledavanja i kori\u0161tenja stranica. Kola\u010di\u0107e, izme\u0111u ostaloga, koristimo za identificiranje posjetitelja i utvr\u0111ivanja na\u010dina kori\u0161tenja &hellip;<\/p>\n<p class=\"read-more\"> <a class=\"\" href=\"https:\/\/ciribiribajka.com\/en\/kolacici\/\"> <span class=\"screen-reader-text\">Cookies<\/span> Read More &raquo;<\/a><\/p>","protected":false},"author":1,"featured_media":0,"parent":0,"menu_order":0,"comment_status":"closed","ping_status":"closed","template":"elementor_header_footer","meta":[],"_links":{"self":[{"href":"https:\/\/ciribiribajka.com\/en\/wp-json\/wp\/v2\/pages\/1869"}],"collection":[{"href":"https:\/\/ciribiribajka.com\/en\/wp-json\/wp\/v2\/pages"}],"about":[{"href":"https:\/\/ciribiribajka.com\/en\/wp-json\/wp\/v2\/types\/page"}],"author":[{"embeddable":true,"href":"https:\/\/ciribiribajka.com\/en\/wp-json\/wp\/v2\/users\/1"}],"replies":[{"embeddable":true,"href":"https:\/\/ciribiribajka.com\/en\/wp-json\/wp\/v2\/comments?post=1869"}],"version-history":[{"count":0,"href":"https:\/\/ciribiribajka.com\/en\/wp-json\/wp\/v2\/pages\/1869\/revisions"}],"wp:attachment":[{"href":"https:\/\/ciribiribajka.com\/en\/wp-json\/wp\/v2\/media?parent=1869"}],"curies":[{"name":"wp","href":"https:\/\/api.w.org\/{rel}","templated":true}]}}