{"id":1858,"date":"2019-11-28T15:14:29","date_gmt":"2019-11-28T15:14:29","guid":{"rendered":"https:\/\/ciribiribajka.com\/?page_id=1858"},"modified":"2024-01-17T08:03:12","modified_gmt":"2024-01-17T08:03:12","slug":"podaci-o-tvrtki","status":"publish","type":"page","link":"https:\/\/ciribiribajka.com\/en\/podaci-o-tvrtki\/","title":{"rendered":"About Pixing"},"content":{"rendered":"<div data-elementor-type=\"wp-page\" data-elementor-id=\"1858\" data-post-id=\"1858\" data-obj-id=\"1858\" class=\"elementor elementor-1858 dce-elementor-post-1858\" data-elementor-settings=\"[]\">\n\t\t\t\t\t\t<div class=\"elementor-inner\">\n\t\t\t\t\t\t\t<div class=\"elementor-section-wrap\">\n\t\t\t\t\t\t\t<section class=\"has_ae_slider elementor-section elementor-top-section elementor-element elementor-element-1b641626 elementor-section-boxed elementor-section-height-default elementor-section-height-default ae-bg-gallery-type-default\" data-id=\"1b641626\" data-element_type=\"section\">\n\t\t\t\t\t\t<div class=\"elementor-container elementor-column-gap-default\">\n\t\t\t\t\t\t\t<div class=\"elementor-row\">\n\t\t\t\t\t<div class=\"has_ae_slider elementor-column elementor-col-100 elementor-top-column elementor-element elementor-element-3824f255 ae-bg-gallery-type-default\" data-id=\"3824f255\" data-element_type=\"column\">\n\t\t\t<div class=\"elementor-column-wrap elementor-element-populated\">\n\t\t\t\t\t\t\t<div class=\"elementor-widget-wrap\">\n\t\t\t\t\t\t<div class=\"elementor-element elementor-element-7138f8b elementor-widget elementor-widget-spacer\" data-id=\"7138f8b\" data-element_type=\"widget\" data-widget_type=\"spacer.default\">\n\t\t\t\t<div class=\"elementor-widget-container\">\n\t\t\t\t\t<div class=\"elementor-spacer\">\n\t\t\t<div class=\"elementor-spacer-inner\"><\/div>\n\t\t<\/div>\n\t\t\t\t<\/div>\n\t\t\t\t<\/div>\n\t\t\t\t<div class=\"elementor-element elementor-element-2e0445d4 elementor-widget elementor-widget-text-editor\" data-id=\"2e0445d4\" data-element_type=\"widget\" data-widget_type=\"text-editor.default\">\n\t\t\t\t<div class=\"elementor-widget-container\">\n\t\t\t\t\t\t\t\t<div class=\"elementor-text-editor elementor-clearfix\">\n\t\t\t\t<p><!-- wp:paragraph {\"align\":\"center\"} --><\/p>\n<p style=\"text-align: center;\">Pixing, obrt za dizajn i ostale usluge, vl. Slavica Farka\u0161 \u0160imeg, Brezje<span style=\"font-size: 16px; font-style: normal; font-weight: 500; color: var( --e-global-color-text );\">, <\/span><span style=\"font-size: 16px; color: var( --e-global-color-text );\">I. Tre\u0161njeva\u010dki odvojak 6A<\/span><\/p>\n<p style=\"text-align: center;\"><span style=\"font-size: 16px;\">Osoba ovla\u0161tena za zastupanje: Slavica Farka\u0161 \u0160imeg<\/span><\/p>\n<p style=\"text-align: center;\">E-mail:\u00a0<a href=\"mailto:hello@pixing.hr\" target=\"_blank\" rel=\"noreferrer noopener\">hello@pixing.hr<\/a><br \/>Telefon: +385 91 370 0877<br \/>IBAN: HR3123600001102721808<br \/>Banka: Zagreba\u010dka banka D.D., Zagreb, Trg bana Josipa Jela\u010di\u0107a 10, OIB: 92963223473, poslovnica Tratinska 69, Zagreb<br \/>OIB: 69437418027<br \/>MB: 97915866<\/p>\n<p><!-- \/wp:paragraph --><!-- wp:paragraph --><\/p>\n<p><!-- \/wp:paragraph --><\/p>\t\t\t\t\t<\/div>\n\t\t\t\t\t\t<\/div>\n\t\t\t\t<\/div>\n\t\t\t\t<div class=\"elementor-element elementor-element-c6cf3ac elementor-widget elementor-widget-spacer\" data-id=\"c6cf3ac\" data-element_type=\"widget\" data-widget_type=\"spacer.default\">\n\t\t\t\t<div class=\"elementor-widget-container\">\n\t\t\t\t\t<div class=\"elementor-spacer\">\n\t\t\t<div class=\"elementor-spacer-inner\"><\/div>\n\t\t<\/div>\n\t\t\t\t<\/div>\n\t\t\t\t<\/div>\n\t\t\t\t\t\t<\/div>\n\t\t\t\t\t<\/div>\n\t\t<\/div>\n\t\t\t\t\t\t\t\t<\/div>\n\t\t\t\t\t<\/div>\n\t\t<\/section>\n\t\t\t\t\t\t<\/div>\n\t\t\t\t\t\t<\/div>\n\t\t\t\t\t<\/div>","protected":false},"excerpt":{"rendered":"<p>Pixing, obrt za dizajn i ostale usluge, vl. Slavica Farka\u0161 \u0160imeg, Brezje, I. Tre\u0161njeva\u010dki odvojak 6A Osoba ovla\u0161tena za zastupanje: Slavica Farka\u0161 \u0160imeg E-mail:\u00a0hello@pixing.hrTelefon: +385 91 370 0877IBAN: HR3123600001102721808Banka: Zagreba\u010dka banka D.D., Zagreb, Trg bana Josipa Jela\u010di\u0107a 10, OIB: 92963223473, poslovnica Tratinska 69, ZagrebOIB: 69437418027MB: 97915866<\/p>","protected":false},"author":1,"featured_media":0,"parent":0,"menu_order":0,"comment_status":"closed","ping_status":"closed","template":"elementor_header_footer","meta":[],"_links":{"self":[{"href":"https:\/\/ciribiribajka.com\/en\/wp-json\/wp\/v2\/pages\/1858"}],"collection":[{"href":"https:\/\/ciribiribajka.com\/en\/wp-json\/wp\/v2\/pages"}],"about":[{"href":"https:\/\/ciribiribajka.com\/en\/wp-json\/wp\/v2\/types\/page"}],"author":[{"embeddable":true,"href":"https:\/\/ciribiribajka.com\/en\/wp-json\/wp\/v2\/users\/1"}],"replies":[{"embeddable":true,"href":"https:\/\/ciribiribajka.com\/en\/wp-json\/wp\/v2\/comments?post=1858"}],"version-history":[{"count":16,"href":"https:\/\/ciribiribajka.com\/en\/wp-json\/wp\/v2\/pages\/1858\/revisions"}],"predecessor-version":[{"id":7658,"href":"https:\/\/ciribiribajka.com\/en\/wp-json\/wp\/v2\/pages\/1858\/revisions\/7658"}],"wp:attachment":[{"href":"https:\/\/ciribiribajka.com\/en\/wp-json\/wp\/v2\/media?parent=1858"}],"curies":[{"name":"wp","href":"https:\/\/api.w.org\/{rel}","templated":true}]}}