{"id":1835,"date":"2019-11-27T19:16:03","date_gmt":"2019-11-27T19:16:03","guid":{"rendered":"https:\/\/ciribiribajka.com\/?page_id=1835"},"modified":"2024-01-17T08:09:07","modified_gmt":"2024-01-17T08:09:07","slug":"uvjeti-koristenja","status":"publish","type":"page","link":"https:\/\/ciribiribajka.com\/en\/uvjeti-koristenja\/","title":{"rendered":"Terms of Use"},"content":{"rendered":"<div data-elementor-type=\"wp-page\" data-elementor-id=\"1835\" data-post-id=\"1835\" data-obj-id=\"1835\" class=\"elementor elementor-1835 dce-elementor-post-1835\" data-elementor-settings=\"[]\">\n\t\t\t\t\t\t<div class=\"elementor-inner\">\n\t\t\t\t\t\t\t<div class=\"elementor-section-wrap\">\n\t\t\t\t\t\t\t<section class=\"has_ae_slider elementor-section elementor-top-section elementor-element elementor-element-531176b elementor-section-boxed elementor-section-height-default elementor-section-height-default ae-bg-gallery-type-default\" data-id=\"531176b\" data-element_type=\"section\">\n\t\t\t\t\t\t<div class=\"elementor-container elementor-column-gap-default\">\n\t\t\t\t\t\t\t<div class=\"elementor-row\">\n\t\t\t\t\t<div class=\"has_ae_slider elementor-column elementor-col-100 elementor-top-column elementor-element elementor-element-cb514e1 ae-bg-gallery-type-default\" data-id=\"cb514e1\" data-element_type=\"column\">\n\t\t\t<div class=\"elementor-column-wrap elementor-element-populated\">\n\t\t\t\t\t\t\t<div class=\"elementor-widget-wrap\">\n\t\t\t\t\t\t<div class=\"elementor-element elementor-element-3b5de58 elementor-widget elementor-widget-spacer\" data-id=\"3b5de58\" data-element_type=\"widget\" data-widget_type=\"spacer.default\">\n\t\t\t\t<div class=\"elementor-widget-container\">\n\t\t\t\t\t<div class=\"elementor-spacer\">\n\t\t\t<div class=\"elementor-spacer-inner\"><\/div>\n\t\t<\/div>\n\t\t\t\t<\/div>\n\t\t\t\t<\/div>\n\t\t\t\t<div class=\"elementor-element elementor-element-7fe1192 elementor-widget elementor-widget-text-editor\" data-id=\"7fe1192\" data-element_type=\"widget\" data-widget_type=\"text-editor.default\">\n\t\t\t\t<div class=\"elementor-widget-container\">\n\t\t\t\t\t\t\t\t<div class=\"elementor-text-editor elementor-clearfix\">\n\t\t\t\t<h4>Informacije o obrtu\/trgovcu<\/h4><p><span style=\"color: #740070;\">Naziv:<\/span> &#8220;Pixing\u201d,\u00a0 obrt za dizajn i ostale usluge, vl. Slavica Farka\u0161 \u0160imeg, Brezje<span style=\"font-size: 16px; font-style: normal; font-weight: 500; color: var( --e-global-color-text );\">,<\/span><span style=\"font-size: 16px; color: var( --e-global-color-text );\">\u00a0I. Tre\u0161njeva\u010dki odvojak 6A<\/span><\/p><p><span style=\"color: #740070;\">Skra\u0107eni naziv:<\/span> Pixing<\/p><p><span style=\"color: #740070;\">Sjedi\u0161te:<\/span> I. Tre\u0161njeva\u010dki odvojak 6A, 10431 Brezje<\/p><p><span style=\"color: #740070;\">OIB:<\/span> 92963223473<\/p><p><span style=\"color: #740070;\">E-mail<\/span>: hello@pixing.hr<\/p><p><span style=\"color: #740070;\">Kontakt telefon\/mobitel:<\/span> +385 91 370 0877<\/p><p><span style=\"color: #740070;\">IBAN:<\/span> HR3123600001102721808\u00a0 Zagreba\u010dka banka d.o.o.<\/p><p>Ovi uvjeti kori\u0161tenja obaveza su Trgovca, da sukladno odredbi \u010dl. 57 st. 1 Zakona o za\u0161titi potro\u0161a\u010da, obavjesti Kupca o zakonskim propisima prije nego oni sklope pravovaljani ugovor na daljinu. Cilj je da na jasan i svima razumljiv na\u010din Kupac dobije sve potrebne informacije va\u017ene za zaklju\u010denje, izvr\u0161avanje te raskid ugovora.<\/p><h4>1. Op\u0107i uvjeti<\/h4><h6>Trgovac<\/h6><p>\u2022 Trgovac je obrt za trgovinu i usluge pod nazivom &#8220;Pixing\u201d vl. Slavica Farka\u0161 \u0160imeg,\u00a0<span style=\"font-size: 16px; font-style: normal; font-weight: 500; color: var( --e-global-color-text );\">Brezje,<\/span><span style=\"font-size: 16px; color: var( --e-global-color-text );\">\u00a0<\/span><span style=\"font-size: 16px; font-style: normal; font-weight: 500; color: var( --e-global-color-text );\">I. Tre\u0161njeva\u010dki odvojak 6A<\/span><span style=\"font-size: 16px; color: var( --e-global-color-text );\">, koja posluje na internetskoj stranici www.ciribiribajka.com Detaljnije informacije vidljive su na po\u010detku ovog teksta.<\/span><\/p><h6>Kupac<\/h6><p>\u2022 Kupac robe je fizi\u010dka osoba tj. posjetitelj web shopa koja po\u0161alje narud\u017ebu Trgovcu i plati ju posredstvom usluga web trgovine jasno navedenim na web stranici Trgovca. Tako\u0111er Kupac mo\u017ee biti i pravna osoba, obrtnik, Trgovac pojedinac ili fizi\u010dka osoba koja obavlja poslovnu djelatnost.<\/p><p>\u2022 Uvjeti kori\u0161tenja \u010dine dio ugovora sklopljenog na daljinu, zajedno sa specifikacijama i cijenom jednog ili vi\u0161e proizvoda. Ove uvjete Kupac \u0107e jasno morati potvrditi prije potvrde narud\u017ebe, a one \u0107e nakon potvrde narud\u017ebe zajedno s ugovorom biti poslane korisniku na njegov\/njezin e-mail.<\/p><p>\u2022 Trgovac mo\u017ee i ima pravo bilo kada izmjeniti uvjete kori\u0161tenja i vrijede od trenutka nakon objave na internetskim stranicama Trgovca, s tim da su za svakog Kupca pravovaljani oni uvjeti koje dobije u samom e-mail-u s narud\u017ebom.<\/p><p>\u2022 Kada Kupac potvrdi narud\u017ebu i izvr\u0161i pla\u0107anje, ugovor se smatra sklopljenim, a Trgovac je obvezan Kupcu poslati potvrdu o primanju narud\u017ebe na navedeni Kupcev e-mail u samoj narud\u017ebi.<\/p><p>\u2022 Kupac je odgovoran za potpuno i istinito ispunjavanje podataka prilikom naru\u010divanja proizvoda.<\/p><p>\u2022 Kori\u0161tenjem usluga na\u0161eg obrta ciribiribajka.com trgovine prihva\u0107ate ove uvjete. Ukoliko niste suglasni s uvjetima, molimo Vas da dalje ne koristite usluge ove stranice niti da naru\u010dujete na\u0161e proizvode.<\/p><h6>Slike i opisi<\/h6><p>\u2022 Cijene, uvjeti pla\u0107anja i akcijske ponude vrijede isklju\u010divo u danu u kojem je izra\u0111ena narud\u017eba te ako je ista pla\u0107ena po zaprimljenoj ponudi do kraja dana. Naknadne ponude mogu se promijeniti bez prethodne najave i promijenjena ponuda ne utje\u010de na prethodno napravljene narud\u017ebe.<\/p><p>\u2022 Razlike u nijansama boja mogu se pojaviti zbog pode\u0161avanja prikazivanja i ovise o opremi kojom Kupac pogleda slike (tamnije\/svjetlije, \u017earke\/blijede nijanse); mogu\u0107e razlike u nijansama boja ne zna\u010de da je proizvod nesukladan i Trgovac se ne mo\u017ee penalizirati zbog toga, pogotovo kad Kupac ima pravo povratka proizvoda u zakonskom roku.<\/p><p>\u2022 Podaci o proizvodima koje je mogu\u0107e kupiti na ciribiribajka.com web trgovini podlo\u017eni su bugovima, nepravilnostima u radu web aplikacije, tehni\u010dkim nepravilnostima, tipografskim pogre\u0161kama i sl.<\/p><h6>Izjava o proizvodima<\/h6><p>\u2022 Svi proizvodi prikazani na ciribiribajka.com su izra\u0111eni u Hrvatskoj od strane Trgovca koji je bio naru\u010ditelj.<\/p><h6>Cijene<\/h6><p>\u2022 Sve cijene prikazane na ciribiribajka.com ne uklju\u010duju PDV jer obrt Pixing vl. Slavica Farka\u0161 \u0160imeg nije u sustavu PDV-a prema \u010dl. 90. st. 2 Zakona o PDV-u te PDV nije obra\u010dunat i stoga krajnji Kupac ne pla\u0107a PDV na prizvode Trgovca. Valuta prikazana na ciribiribajka.com je euro (EUR).<\/p><p>\u2022 U cijene proizvoda nisu uklju\u010deni tro\u0161kovi dostave. Tro\u0161kovi dostave pokazani su zasebno.<\/p><p>\u2022 U slu\u010daju pla\u0107anja e-bankingom i op\u0107om uplatnicom, tro\u0161kovi uplate i\/ili me\u0111ubankarske transakcije nisu uklju\u010deni u cijenu.<\/p><p>\u2022 Proizvodi se isporu\u010duju po cijenama va\u017ee\u0107im na dan naru\u010divanja bez obzira na datum isporuke. Zadr\u017eavamo pravo promjene cijene ako nije navedeno druga\u010dije.<\/p><h4>2. Naru\u010divanje i pla\u0107anje<\/h4><p>\u2022 Narud\u017ebom prihva\u0107ate ove uvjete. Kupnju mo\u017eete ostvariti samo ako ste punoljetni (18+).<\/p><p>\u2022 Za kupnju na web trgovini nije potrebna registracija i isklju\u010divo se mo\u017ee kupiti na\u0161e proizvode kao gost. Va\u017eno je samo da Kupac to\u010dno navede e-mail adresu kako bi nakon potvrde narud\u017ebe i unosa podataka za dostavu Kupac mogao dobiti potvrdu narud\u017ebe.<\/p><p>\u2022 U trenutku narud\u017ebe proizvoda Kupac izjavljuje da pristaje na Uvjete poslovanja, cijene i rokove dostave navedene na stranici proizvoda.<\/p><p>\u2022 Proizvod mo\u017ee naru\u010diti Kupac koji izjavljuje da je njegov identitet stvaran, da su podaci za isporuku to\u010dni (adresa, telefon, e-mail) i da u slu\u010daju da su isti neto\u010dni, narud\u017eba nije valjana<\/p><p>\u2022 Uporaba la\u017enog identiteta smatra se poku\u0161ajem prevare i Trgovac zadr\u017eava pravo da o tome obavijesti nadle\u017ene organe, blokira pristup korisniku, poni\u0161ti popuste i onemogu\u0107i pristup web stranici.<\/p><p>\u2022 Kod upisivanja podataka za dostavu nu\u017eno je upisati to\u010dnu adresu i broj telefona kako bi kurirska slu\u017eba mogla pravovremeno kontaktirati Kupca prije dostave.<\/p><h6>Payment Methods<\/h6><p>Na\u010dini pla\u0107anja koji su trenutno dostupni na web trgovini su:<\/p><ol><li><strong>Pla\u0107anje pouze\u0107em<\/strong><br \/>&#8211; Kupac nakon potvrde narud\u017ebe dobiva e-mail s potvrdom narud\u017ebe, a roba mu se \u0161alje u roku 1 dana.<\/li><li><strong>Uplatom na \u017eiro ra\u010dun<\/strong><br \/>&#8211; Kupac nakon potvrde narud\u017ebe na e-mail dobiva sve podatke potrebne za izvr\u0161enje pla\u0107anja. Rok za izvr\u0161enje uplate je 3 dana, nakon \u010dega se narud\u017eba automatski poni\u0161tava.<\/li><li><strong>Karti\u010dno pla\u0107anje<\/strong><br \/>&#8211; Kupac nakon potvrde narud\u017ebe biva preba\u010den na sigurnu stranicu za online pla\u0107anje gdje upisuje tra\u017eene podatke. Nakon uspje\u0161nog popunjavanja formulara na e-mail Kupca sti\u017ee potvrda narud\u017ebe.<\/li><li><strong>Gotovinom<\/strong><br \/>&#8211; Kupac dobiva na e-mail sve podatke o lokaciji obrta i random vremenu u kojem je mogu\u0107e pokupiti i platiti proizvod(e). Pla\u0107anje se vr\u0161i gotovinom prilikom preuzimanja robe na adresi obrta.<\/li><\/ol><p>\u2022 Narud\u017eba se smatra uspje\u0161nom u trenutku kada Kupac na e-mail dobije potvrdu narud\u017ebe. Ukoliko Kupac ne dobije ovakvu e-mail poruku, molimo da pogleda u spam folder i provjeri je li narud\u017eba mo\u017eda zavr\u0161ila tamo. Ukoliko naru\u017eba nije stigla na navedenu e-mail adresu Kupca molimo da poku\u0161a ponovno izvr\u0161iti narud\u017ebu.<\/p><p>\u2022 Ako Kupac odbije zbog nekog razloga primiti ispravnu i neo\u0161te\u0107enu robu koju je naru\u010dio, Trgovac ima pravo tra\u017eiti od Kupca nadoknadu svih manipulativnih tro\u0161kova vezanih uz isporuku.<\/p><h4>3. Dostava<\/h4><h6>Op\u0107i uvjeti dostave<\/h6><p>\u2022 Naru\u010deni proizvodi dostavljaju se do ulaza u stambeni objekt. Ako se radi o stambenoj zgradi, dostavlja\u010d nije obvezan nositi proizvode do kata na kojem se nalazi Kupac, ve\u0107 do ulaza u zgradu.<\/p><p>\u2022 Dostava se obavlja na podru\u010dju cijele Hrvatske. Okvirni je rok isporuke od 1 do 2 radna dana\u00a0 Subote i nedjelje ne ra\u010dunaju se u rok dostave. Dostava se vr\u0161i preko dostavne slu\u017ebe. Svi paketi su osigurani te se za svaki paket izdaje prijemni broj (broj za pra\u0107enje po\u0161iljke).<\/p><p>\u2022 Povrat robe tro\u0161ak je Kupca.<\/p><p>\u2022 U slu\u010daju da nije mogu\u0107e uredno dostaviti naru\u010dene proizvode na adresu Kupca koju je naveo u narud\u017ebi, Kupac sam snosi sve tro\u0161kove dostave na istu ili drugu adresu ovisno o tome koje \u0107e podatke navesti prilikom provjere dostave narud\u017ebe.<\/p><p>Ostali uvjeti dostave<br \/>\u2022 Proizvodi \u0107e biti zapakirani tako da se uobi\u010dajenom manipulacijom u transportu ne mogu o\u0161tetiti.<\/p><p>\u2022 Kupac mo\u017ee (bi trebao) prilikom preuzimanja proizvoda provjeriti eventualna o\u0161te\u0107enja paketa i odmah ih reklamirati dostavnom radniku koji je robu isporu\u010dio. U slu\u010daju da je roba o\u0161te\u0107ena Kupac mo\u017ee odbiti preuzeti po\u0161iljku na kojoj su vidljiva vanjska o\u0161te\u0107enja.<\/p><p>\u2022 Kupac ima mogu\u0107nost da napravi fotografiju, telefonski nas kontaktira na broj +385 91 370 0877, te odmah po\u0161alje na e-mail <a href=\"mailto:hello@pixing.hr\">hello@pixing.hr<\/a>\u00a0svoje napomene.<\/p><p>\u2022 Kupac bi prilikom preuzimanja robe trebao potpisati otpremnicu koju dostavlja\u010d uzima kao potvrdu o preuzimanju. Kupac svojim potpisom time potvr\u0111uje da je paket bio neo\u0161te\u0107en i da je preuzet.<\/p><p>\u2022 Ukoliko Kupac vidi da postoji vidljivi nedostatak na proizvodu kod preuzimanja on nije du\u017ean preuzeti proizvod, mo\u017ee odbiti primitak i ne snosi tro\u0161kove dostave. U tom slu\u010daju molimo Kupca da nam se \u0161to prije javi ili na mail <a href=\"mailto:hello@pixing.hr\">hello@pixing.hr<\/a> ili na broj telefona +385 91 370 0877 kako bismo u najkra\u0107em mogu\u0107em roku poslali novi proizvod.<\/p><p>\u2022 Ako Kupac, nakon \u0161to je roba obra\u0111ena sa statusom \u201eposlana\u201c, u o\u010dekivanom vremenu ne primi robu ili obavijest o isporuci, ima obvezu o tome obavijestiti Trgovca kako bi se poduzelo tra\u017eenje po\u0161iljke ili kako bi se poslala zamjenska po\u0161iljka.<\/p><h4>4. Odgovornost za materijalne nedostatke<\/h4><p>\u2022 Trgovac je odgovoran za materijalne nedostatke proizvoda koje se prodaju na web stranici ciribiribajka.com sukladno Zakonu o obveznim odnosima (\u010dlanci 400-422).<\/p><p>\u2022 Trgovac odgovara za materijalne nedostatke proizvoda koje je imao u trenutku prijelaza rizika na Kupca, bez obzira je li mu to bilo poznato. Trgovac odgovara i za one materijalne nedostatke koji se pojave nakon prijelaza rizika na Kupca ako su posljedica uzroka koji je postojao prije toga.<\/p><p>\u2022 Trgovac ne odgovara za neznatan materijalni nedostatak.<\/p><p><strong>Materijalni nedostatak postoji:<\/strong><\/p><ul><li>ako stvar nema potrebna svojstva za svoju redovitu uporabu ili za promet<\/li><li>ako stvar nema potrebna svojstva za posebnu uporabu za koju je Kupac nabavlja, a koja je bila poznata Trgovcu ili mu je morala biti poznata<\/li><li>ako stvar nema svojstva i odlike koje su izrijekom ili pre\u0161utno ugovorene, odnosno propisane<\/li><li>kad je Trgovac predao stvar koja nije jednaka uzorku ili modelu, osim ako su uzorak ili model pokazani samo radi obavijesti<\/li><li>ako stvar nema svojstva koja ina\u010de postoje kod drugih stvari iste vrste i koja je Kupac mogao opravdano o\u010dekivati prema naravi stvari, posebno uzimaju\u0107i u obzir javne izjave Trgovca o svojstvima stvari (reklame, ozna\u010davanje stvari i dr.)<\/li><\/ul><p><strong>Nedostaci za koje Trgovac ne odgovara:<\/strong><\/p><ul><li>Trgovac ne odgovara za nedostatke ako su u trenutku sklapanja ugovora bili poznati Kupcu ili mu nisu mogli ostati nepoznati.<\/li><li>Smatra se da nisu mogli ostati nepoznati Kupcu oni nedostaci koje bi bri\u017eljiva osoba s prosje\u010dnim znanjem i iskustvom osobe istog zanimanja i struke kao kupac mogla lako opaziti pri uobi\u010dajenom pregledu stvari.<\/li><li>Ako je Kupac na temelju izjava Trgovca ili njegova predstavnika o\u010dekivao postojanje odre\u0111enih svojstava stvari, nedostatak se ne uzima u obzir ako Trgovac nije znao niti morao znati za te izjave, ili su te izjave bile opovrgnute do trenutka sklapanja ugovora ili one nisu utjecale na odluku Kupca da sklopi ugovor.<\/li><\/ul><p><strong>Pregled stvari i vidljivi nedostaci:<\/strong><\/p><ul><li>Prilikom dostave proizvoda Kupac mo\u017ee provjeriti ispravnost narud\u017ebe, i du\u017ean je provjeriti ispravnost proizvoda.<\/li><li>Kupac je du\u017ean preuzeti proizvod na uobi\u010dajeni na\u010din pregledati ili je dati na pregled, \u010dim je to mogu\u0107e, i o vidljivim nedostacima obavijestiti Trgovca u roku od osam dana ina\u010de gubi pravo koje mu po toj osnovi pripada.<\/li><li>Kad je pregled izvr\u0161en u nazo\u010dnosti obiju strana, Kupac je du\u017ean svoje primjedbe zbog vidljivih nedostataka priop\u0107iti Trgovcu odmah, ina\u010de gubi pravo koje mu po toj osnovi pripada.<\/li><li>Ukoliko Kupac vidi da postoji vidljivi nedostatak na proizvodu kod preuzimanja on nije du\u017ean preuzeti proizvod, mo\u017ee odbiti primitak i ne snosi tro\u0161kove dostave. U tom slu\u010daju molimo Kupca da nam se \u0161to prije javi ili na mail <a href=\"mailto:hello@pixing.hr\">hello@pixing.hr<\/a> ili na broj telefona +385 91 370 0877\u00a0kako bismo u najkra\u0107em mogu\u0107em roku poslali novi proizvod.<\/li><li>Kupac u tom slu\u010daju ima pravo na prigovor te bi trebao poslati pisanu obavijest na e-mail <a href=\"mailto:hello@pixing.hr\">hello@pixing.hr<\/a>, s naslovom: OBAVIJEST O NEDOSTATKU.<\/li><\/ul><p>\u2022 Trgovac \u0107e na zaprimljeni prigovor Kupcu odgovoriti najkasnije u roku 14 dana i smatrat \u0107e prigovor potro\u0161a\u010da valjanim ako kod pregleda proizvoda utvrdi da je prigovor sukladan Zakonu o obveznim odnosima i Zakonu o za\u0161titi potro\u0161a\u010da.<\/p><p>\u2022 Kupac koji je pravodobno i uredno obavijestio Trgovca o nedostatku mo\u017ee po svom izboru:<\/p><ul><li>zahtijevati od Trgovca da nedostatak ukloni,<\/li><li>zahtijevati od Trgovca da mu preda novi proizvod bez nedostatka,<\/li><li>zahtijevati sni\u017eenje cijene,<\/li><li>izjaviti da raskida ugovor.<\/li><\/ul><p>\u2022 Tro\u0161kove otklanjanja nedostatka i dostave proizvoda bez nedostatka snosi Trgovac.<\/p><p>\u2022 Trgovac odgovara i za nedostatke koje je kupac mogao lako opaziti ako je izjavio da stvar nema nikakve nedostatke ili da stvar ima odre\u0111ena svojstva ili odlike.<\/p><p>\u2022 Kad se nakon primitka proizvoda od strane kupca poka\u017ee da proizvod ima neki nedostatak koji se nije mogao otkriti uobi\u010dajenim pregledom prilikom preuzimanja, Kupac je du\u017ean, pod prijetnjom gubitka prava, o tom nedostatku obavijestiti Trgovca u roku od dva mjeseca ra\u010dunaju\u0107i od dana kad je nedostatak otkrio.<\/p><p>\u2022 Trgovac ne odgovara za nedostatke koji se poka\u017eu po\u0161to proteknu dvije godine od predaje stvari.<\/p><p>\u2022 Kupac gubi pravo raskida ugovora zbog nedostatka kad mu je nemogu\u0107e vratiti stvar ili je vratiti u stanju (ne mora proizvod imati celofan, ali svi sastavni dijelovi proizvoda moraju biti prisutni) u kojem ju je primio.<\/p><h4>5. Jednostrani raskid ugovora o kupnji<\/h4><p>\u2022 Po Zakonu o za\u0161titi potro\u0161a\u010da Kupac mo\u017ee jednostrano raskinuti ugovor ne navode\u0107i razloge za to u roku 14 dana od to\u010dnog trenutka isporuke proizvoda.<\/p><p>\u2022 Da bi Kupac mogao ostvariti pravo na jednostrani raskid ovoga Ugovora, mora Trgovca obavijestiti o svojoj odluci o jednostranom raskidu ugovora prije isteka roka i to nedvosmislenom izjavom poslanom po\u0161tom ili elektroni\u010dkom po\u0161tom, u kojoj \u0107e navesti svoje ime i prezime, adresu, broj telefona, telefaksa ili adresu elektroni\u010dke po\u0161te, a mo\u017ee koristiti i prilo\u017eeni primjer <a href=\"\/wp-content\/uploads\/2021\/11\/Jednostrani-raskid-ugovora-PIXING.pdf\" target=\"_blank\" rel=\"noopener\">obrasca za jednostrani raskid ugovora<\/a><\/p><p>\u2022 Ugovor \u0107e se smatrati otkazanim u trenutku kada trgovac primi pisanu obavijest o \u010demu \u0107e obavijestiti kupca e-mailom.<\/p><p>\u2022 Rok za jednostrani raskid iznosi 14 dana od dana kada je Kupcu roba koja je predmet ugovora predana u posjed<\/p><p>Povrat upla\u0107enog iznosa<br \/>\u2022 Ako Kupac raskine ovaj Ugovor, Trgovac \u0107e izvr\u0161iti povrat novca koji je primio od Kupca, uklju\u010duju\u0107i i tro\u0161kove dostave, bez odga\u0111anja, a najkasnije u roku od 14 dana od dana kada je zaprimio Kupcevu odluku o jednostranom raskidu ugovora.<\/p><p>\u2022 Povrat novca bit \u0107e izvr\u0161en na isti na\u010din na koji je Kupac izvr\u0161io uplatu. U slu\u010daju da pristajete na drugi na\u010din povrata pla\u0107enog iznosa, Trgovac ne snosi nikakve tro\u0161kove u odnosu na povrat.<\/p><p>\u2022 Povrat novca Trgovac \u0107e izvr\u0161iti tek nakon \u0161to mu roba bude vra\u0107ena ili nakon \u0161to mu Kupac dostavi dokaz da mu je roba poslana nazad.<\/p><h6>Povrat robe<\/h6><p>\u2022 Robu je Kupac du\u017ean vratiti ili je predati Trgovcu na adresi I. Tre\u0161njeva\u010dki odvojak 6A, 10431 Brezje, bez nepotrebnog odga\u0111anja, a u svakom slu\u010daju najkasnije u roku od 14 dana od dana kada je Kupac uputio odluku o jednostranom raskidu ugovora.<\/p><h6>Tro\u0161kovi povrata robe<\/h6><p>\u2022 Kupac koji zatra\u017ei jednostrani raskid ugovora du\u017ean je snositi tro\u0161kove povrata proizvoda Trgovcu.<\/p><h6>Odgovornost potro\u0161a\u010da za umanjenje vrijednosti robe<\/h6><p>\u2022 Sukladno \u010dl. 77 st. 5 Zakona o za\u0161titi potro\u0161a\u010da Kupac je odgovoran za svako umanjenje vrijednosti kupljenog proizvoda koje je rezultat rukovanja kupljenim proizvodom. Trgovac po primitku vra\u0107enog proizvoda utvr\u0111uje postotke umanjenja iznosa povrata Kupcu uslijed umanjenja vrijednosti samog proizvoda.<\/p><p><strong>Kupac nema pravo na jednostrani raskid ugovora ako je:<\/strong><\/p><ul><li>Ugovor o uslugama Trgovac u potpunosti ispunio, a ispunjenje je zapo\u010delo uz izri\u010dit prethodni pristanak Kupca te uz njegovu potvrdu da je upoznat s \u010dinjenicom da \u0107e izgubiti pravo na jednostrani raskid ugovora iz ovoga odsjeka ako usluga bude u potpunosti ispunjena<\/li><li>Predmet ugovora roba ili usluga \u010dija je cijena ovisna o promjenama na financijskom tr\u017ei\u0161tu koje su izvan utjecaja Trgovca, a koje se mogu pojaviti za vrijeme trajanja prava Kupca na jednostrani raskid ugovora<\/li><li>Predmet ugovora roba koja je izra\u0111ena po specifikaciji potro\u0161a\u010da ili koja je jasno prilago\u0111ena potro\u0161a\u010du<\/li><\/ul><h4>6. Rje\u0161avanje sporova<\/h4><p>\u2022 Pixing, obrt za dizajn i ostale usluge, vl. Slavica Farka\u0161 \u0160imeg omogu\u0107uje Kupcima podno\u0161enje prigovora putem po\u0161te na adresu obrta, putem elektroni\u010dke po\u0161te te se obvezuje odgovoriti na njih u roku od 15 dana od kada je prigovor zaprimljen.<\/p><p>\u2022 U slu\u010daju spora izme\u0111u Kupca i Trgovca, mo\u017ee se podnijeti prijava Sudu \u010dasti Hrvatske gospodarske komore, Sudu \u010dasti Hrvatske obrtni\u010dke komore, prijedlog za mirenje Centru za mirenje ili ga prijaviti na platformi za internetsko rje\u0161avanje sporova u EU (<a href=\"https:\/\/ec.europa.eu\/consumers\/odr\/main\/index.cfm?event=main.home2.show&amp;lng=HR\" target=\"_blank\" rel=\"noopener\">https:\/\/ec.europa.eu\/consumers\/odr\/main\/index.cfm?event=main.home2.show&amp;lng=HR<\/a>)<\/p><p>\u2022 Eventualne sporove Trgovac i Kupac nastojat \u0107e rije\u0161iti dogovorom i mirnim putem, a u suprotnom nadle\u017ean je Sud u Zagrebu.<\/p><p><strong>Kontakt<\/strong>:<br \/>PIXING, obrt za dizajn i ostale usluge,<br \/>vl. Slavica Farka\u0161 \u0160imeg<br \/>I. Tre\u0161njeva\u010dki odvojak 6A<br \/>10431 Brezje<br \/>OIB: 92963223473<br \/>tel: +385 91 370 0877<br \/>e-mail: <a href=\"mailto:hello@pixing.hr\">hello@pixing.hr<\/a><br \/>IBAN: HR10236000011202765739, Zagreba\u010dka banka d.o.o.<\/p><p>\u2022 Kupnjom proizvoda Kupac izjavljuje da prihva\u0107a uvjete poslovanja. Navedene odredbe mogu biti promijenjene i va\u017ee\u0107i su\/primjenjuju se uvjeti u trenutku naru\u010divanja.<\/p>\t\t\t\t\t<\/div>\n\t\t\t\t\t\t<\/div>\n\t\t\t\t<\/div>\n\t\t\t\t<div class=\"elementor-element elementor-element-7411a26 elementor-widget elementor-widget-spacer\" data-id=\"7411a26\" data-element_type=\"widget\" data-widget_type=\"spacer.default\">\n\t\t\t\t<div class=\"elementor-widget-container\">\n\t\t\t\t\t<div class=\"elementor-spacer\">\n\t\t\t<div class=\"elementor-spacer-inner\"><\/div>\n\t\t<\/div>\n\t\t\t\t<\/div>\n\t\t\t\t<\/div>\n\t\t\t\t\t\t<\/div>\n\t\t\t\t\t<\/div>\n\t\t<\/div>\n\t\t\t\t\t\t\t\t<\/div>\n\t\t\t\t\t<\/div>\n\t\t<\/section>\n\t\t\t\t\t\t<\/div>\n\t\t\t\t\t\t<\/div>\n\t\t\t\t\t<\/div>","protected":false},"excerpt":{"rendered":"<p>Informacije o obrtu\/trgovcu Naziv: &#8220;Pixing\u201d,\u00a0 obrt za dizajn i ostale usluge, vl. Slavica Farka\u0161 \u0160imeg, Brezje,\u00a0I. Tre\u0161njeva\u010dki odvojak 6A Skra\u0107eni naziv: Pixing Sjedi\u0161te: I. Tre\u0161njeva\u010dki odvojak 6A, 10431 Brezje OIB: 92963223473 E-mail: hello@pixing.hr Kontakt telefon\/mobitel: +385 91 370 0877 IBAN: HR3123600001102721808\u00a0 Zagreba\u010dka banka d.o.o. Ovi uvjeti kori\u0161tenja obaveza su Trgovca, da sukladno odredbi \u010dl. 57 &hellip;<\/p>\n<p class=\"read-more\"> <a class=\"\" href=\"https:\/\/ciribiribajka.com\/en\/uvjeti-koristenja\/\"> <span class=\"screen-reader-text\">Terms of Use<\/span> Read More &raquo;<\/a><\/p>","protected":false},"author":1,"featured_media":0,"parent":0,"menu_order":0,"comment_status":"closed","ping_status":"closed","template":"elementor_header_footer","meta":[],"_links":{"self":[{"href":"https:\/\/ciribiribajka.com\/en\/wp-json\/wp\/v2\/pages\/1835"}],"collection":[{"href":"https:\/\/ciribiribajka.com\/en\/wp-json\/wp\/v2\/pages"}],"about":[{"href":"https:\/\/ciribiribajka.com\/en\/wp-json\/wp\/v2\/types\/page"}],"author":[{"embeddable":true,"href":"https:\/\/ciribiribajka.com\/en\/wp-json\/wp\/v2\/users\/1"}],"replies":[{"embeddable":true,"href":"https:\/\/ciribiribajka.com\/en\/wp-json\/wp\/v2\/comments?post=1835"}],"version-history":[{"count":18,"href":"https:\/\/ciribiribajka.com\/en\/wp-json\/wp\/v2\/pages\/1835\/revisions"}],"predecessor-version":[{"id":7662,"href":"https:\/\/ciribiribajka.com\/en\/wp-json\/wp\/v2\/pages\/1835\/revisions\/7662"}],"wp:attachment":[{"href":"https:\/\/ciribiribajka.com\/en\/wp-json\/wp\/v2\/media?parent=1835"}],"curies":[{"name":"wp","href":"https:\/\/api.w.org\/{rel}","templated":true}]}}